{"id":244928,"date":"2023-01-10T16:03:03","date_gmt":"2023-01-10T15:03:03","guid":{"rendered":"https:\/\/reev.com\/savoir\/"},"modified":"2025-10-23T18:13:29","modified_gmt":"2025-10-23T16:13:29","slug":"savoir","status":"publish","type":"page","link":"https:\/\/reev.com\/fr\/savoir\/","title":{"rendered":"Connaissance"},"content":{"rendered":"\t\t<div data-elementor-type=\"wp-page\" data-elementor-id=\"244928\" class=\"elementor elementor-244928 elementor-238894\" data-elementor-post-type=\"page\">\n\t\t\t\t<div class=\"elementor-element elementor-element-4a7df29 color-change e-flex e-con-boxed e-con e-parent\" data-id=\"4a7df29\" data-element_type=\"container\" data-e-type=\"container\" data-settings=\"{&quot;jet_parallax_layout_list&quot;:[]}\">\n\t\t\t\t\t<div class=\"e-con-inner\">\n\t\t\t\t<div class=\"elementor-element elementor-element-326ad2f jet-breadcrumbs-align-left elementor-widget elementor-widget-jet-breadcrumbs\" data-id=\"326ad2f\" data-element_type=\"widget\" data-e-type=\"widget\" data-widget_type=\"jet-breadcrumbs.default\">\n\t\t\t\t<div class=\"elementor-widget-container\">\n\t\t\t\t\t<div class=\"elementor-jet-breadcrumbs jet-blocks\">\n\t\t<div class=\"jet-breadcrumbs\">\n\t\t<div class=\"jet-breadcrumbs__content\">\n\t\t<div class=\"jet-breadcrumbs__wrap\"><div class=\"jet-breadcrumbs__item\"><a href=\"https:\/\/reev.com\/fr\/\" class=\"jet-breadcrumbs__item-link is-home\" rel=\"home\" title=\"Home\">Home<\/a><\/div>\n\t\t<\/div>\n\t\t<\/div>\n\t\t<\/div><\/div>\t\t\t\t<\/div>\n\t\t\t\t<\/div>\n\t\t\t\t\t<\/div>\n\t\t\t\t<\/div>\n\t\t<div class=\"elementor-element elementor-element-6920ed7 color-change e-flex e-con-boxed e-con e-parent\" data-id=\"6920ed7\" data-element_type=\"container\" data-e-type=\"container\" data-settings=\"{&quot;jet_parallax_layout_list&quot;:[]}\">\n\t\t\t\t\t<div class=\"e-con-inner\">\n\t\t<div class=\"elementor-element elementor-element-53f27eb e-con-full e-grid e-con e-child\" data-id=\"53f27eb\" data-element_type=\"container\" data-e-type=\"container\" data-settings=\"{&quot;jet_parallax_layout_list&quot;:[]}\">\n\t\t<div class=\"elementor-element elementor-element-4db0267 e-con-full image-box e-flex e-con e-child\" data-id=\"4db0267\" data-element_type=\"container\" data-e-type=\"container\" data-settings=\"{&quot;jet_parallax_layout_list&quot;:[]}\">\n\t\t<a class=\"elementor-element elementor-element-5e815e8 e-con-full image-box--img e-flex e-con e-child\" data-id=\"5e815e8\" data-element_type=\"container\" data-e-type=\"container\" data-settings=\"{&quot;background_background&quot;:&quot;classic&quot;,&quot;jet_parallax_layout_list&quot;:[]}\" href=\"https:\/\/reev.com\/fr\/clients-partenaires\/operateurs-de-points-de-charge\/?cvn=denied\">\n\t\t\t\t<\/a>\n\t\t<div class=\"elementor-element elementor-element-da36499 e-con-full e-flex e-con e-child\" data-id=\"da36499\" data-element_type=\"container\" data-e-type=\"container\" data-settings=\"{&quot;background_background&quot;:&quot;classic&quot;,&quot;jet_parallax_layout_list&quot;:[]}\">\n\t\t\t\t<div class=\"elementor-element elementor-element-b873327 elementor-widget elementor-widget-heading\" data-id=\"b873327\" data-element_type=\"widget\" data-e-type=\"widget\" data-widget_type=\"heading.default\">\n\t\t\t\t\t<h3 class=\"elementor-heading-title elementor-size-default\">Webinaires<\/h3>\t\t\t\t<\/div>\n\t\t\t\t<div class=\"elementor-element elementor-element-20ca0a8 elementor-widget elementor-widget-heading\" data-id=\"20ca0a8\" data-element_type=\"widget\" data-e-type=\"widget\" data-widget_type=\"heading.default\">\n\t\t\t\t\t<p class=\"elementor-heading-title elementor-size-default\">Vous trouverez ici les dates \u00e0 venir ainsi que les webinaires pass\u00e9s sous forme de vid\u00e9os \u00e0 la demande.<\/p>\t\t\t\t<\/div>\n\t\t\t\t<div class=\"elementor-element elementor-element-d5b7f89 elementor-align-right image-box--button elementor-widget elementor-widget-button\" data-id=\"d5b7f89\" data-element_type=\"widget\" data-e-type=\"widget\" data-widget_type=\"button.default\">\n\t\t\t\t\t\t\t\t\t\t<a class=\"elementor-button elementor-button-link elementor-size-sm\" href=\"https:\/\/reev.com\/fr\/?page_id=334889\">\n\t\t\t\t\t\t<span class=\"elementor-button-content-wrapper\">\n\t\t\t\t\t\t<span class=\"elementor-button-icon\">\n\t\t\t\t<svg xmlns=\"http:\/\/www.w3.org\/2000\/svg\" width=\"24\" height=\"24\" viewBox=\"0 0 24 24\" fill=\"none\"><path d=\"M17.453 6H6.548C6.40266 6 6.26328 6.05774 6.16051 6.16051C6.05774 6.26328 6 6.40266 6 6.548C6 6.69334 6.05774 6.83272 6.16051 6.93549C6.26328 7.03826 6.40266 7.096 6.548 7.096H16.133L6.163 17.066C6.11231 17.1167 6.0721 17.1769 6.04467 17.2431C6.01723 17.3093 6.00311 17.3803 6.00311 17.452C6.00311 17.5237 6.01723 17.5947 6.04467 17.6609C6.0721 17.7271 6.11231 17.7873 6.163 17.838C6.21369 17.8887 6.27387 17.9289 6.3401 17.9563C6.40633 17.9838 6.47731 17.9979 6.549 17.9979C6.62069 17.9979 6.69167 17.9838 6.7579 17.9563C6.82413 17.9289 6.88431 17.8887 6.935 17.838L16.905 7.867V17.453C16.905 17.5983 16.9627 17.7377 17.0655 17.8405C17.1683 17.9433 17.3077 18.001 17.453 18.001C17.5983 18.001 17.7377 17.9433 17.8405 17.8405C17.9433 17.7377 18.001 17.5983 18.001 17.453V6.546C17.9999 6.40117 17.9418 6.2626 17.8392 6.16038C17.7366 6.05815 17.5978 6.00052 17.453 6Z\" fill=\"#131923\"><\/path><\/svg>\t\t\t<\/span>\n\t\t\t\t\t\t\t\t\t<span class=\"elementor-button-text\">Vers les webinaires<\/span>\n\t\t\t\t\t<\/span>\n\t\t\t\t\t<\/a>\n\t\t\t\t\t\t\t\t<\/div>\n\t\t\t\t<\/div>\n\t\t\t\t<\/div>\n\t\t<div class=\"elementor-element elementor-element-8bdddef e-con-full image-box e-flex e-con e-child\" data-id=\"8bdddef\" data-element_type=\"container\" data-e-type=\"container\" data-settings=\"{&quot;jet_parallax_layout_list&quot;:[]}\">\n\t\t<a class=\"elementor-element elementor-element-31d2f4d e-con-full image-box--img e-flex e-con e-child\" data-id=\"31d2f4d\" data-element_type=\"container\" data-e-type=\"container\" data-settings=\"{&quot;background_background&quot;:&quot;classic&quot;,&quot;jet_parallax_layout_list&quot;:[]}\" href=\"https:\/\/reev.com\/fr\/reev-blog\/\">\n\t\t\t\t<\/a>\n\t\t<div class=\"elementor-element elementor-element-bfd2080 e-con-full e-flex e-con e-child\" data-id=\"bfd2080\" data-element_type=\"container\" data-e-type=\"container\" data-settings=\"{&quot;background_background&quot;:&quot;classic&quot;,&quot;jet_parallax_layout_list&quot;:[]}\">\n\t\t\t\t<div class=\"elementor-element elementor-element-d988c6a elementor-widget elementor-widget-heading\" data-id=\"d988c6a\" data-element_type=\"widget\" data-e-type=\"widget\" data-widget_type=\"heading.default\">\n\t\t\t\t\t<h3 class=\"elementor-heading-title elementor-size-default\">Blog<\/h3>\t\t\t\t<\/div>\n\t\t\t\t<div class=\"elementor-element elementor-element-1eb6c8f elementor-widget elementor-widget-heading\" data-id=\"1eb6c8f\" data-element_type=\"widget\" data-e-type=\"widget\" data-widget_type=\"heading.default\">\n\t\t\t\t\t<p class=\"elementor-heading-title elementor-size-default\">Sur notre blog, vous trouverez des conseils importants et des faits passionnants sur l'eMobilit\u00e9, ainsi que des aper\u00e7us exclusifs de nos projets.<\/p>\t\t\t\t<\/div>\n\t\t\t\t<div class=\"elementor-element elementor-element-6c7c0d5 elementor-align-right image-box--button elementor-widget elementor-widget-button\" data-id=\"6c7c0d5\" data-element_type=\"widget\" data-e-type=\"widget\" data-widget_type=\"button.default\">\n\t\t\t\t\t\t\t\t\t\t<a class=\"elementor-button elementor-button-link elementor-size-sm\" href=\"https:\/\/reev.com\/fr\/reev-blog\/\">\n\t\t\t\t\t\t<span class=\"elementor-button-content-wrapper\">\n\t\t\t\t\t\t<span class=\"elementor-button-icon\">\n\t\t\t\t<svg xmlns=\"http:\/\/www.w3.org\/2000\/svg\" width=\"24\" height=\"24\" viewBox=\"0 0 24 24\" fill=\"none\"><path d=\"M17.453 6H6.548C6.40266 6 6.26328 6.05774 6.16051 6.16051C6.05774 6.26328 6 6.40266 6 6.548C6 6.69334 6.05774 6.83272 6.16051 6.93549C6.26328 7.03826 6.40266 7.096 6.548 7.096H16.133L6.163 17.066C6.11231 17.1167 6.0721 17.1769 6.04467 17.2431C6.01723 17.3093 6.00311 17.3803 6.00311 17.452C6.00311 17.5237 6.01723 17.5947 6.04467 17.6609C6.0721 17.7271 6.11231 17.7873 6.163 17.838C6.21369 17.8887 6.27387 17.9289 6.3401 17.9563C6.40633 17.9838 6.47731 17.9979 6.549 17.9979C6.62069 17.9979 6.69167 17.9838 6.7579 17.9563C6.82413 17.9289 6.88431 17.8887 6.935 17.838L16.905 7.867V17.453C16.905 17.5983 16.9627 17.7377 17.0655 17.8405C17.1683 17.9433 17.3077 18.001 17.453 18.001C17.5983 18.001 17.7377 17.9433 17.8405 17.8405C17.9433 17.7377 18.001 17.5983 18.001 17.453V6.546C17.9999 6.40117 17.9418 6.2626 17.8392 6.16038C17.7366 6.05815 17.5978 6.00052 17.453 6Z\" fill=\"#131923\"><\/path><\/svg>\t\t\t<\/span>\n\t\t\t\t\t\t\t\t\t<span class=\"elementor-button-text\">Vers le blog<\/span>\n\t\t\t\t\t<\/span>\n\t\t\t\t\t<\/a>\n\t\t\t\t\t\t\t\t<\/div>\n\t\t\t\t<\/div>\n\t\t\t\t<\/div>\n\t\t<div class=\"elementor-element elementor-element-03d81ee e-con-full image-box e-flex e-con e-child\" data-id=\"03d81ee\" data-element_type=\"container\" data-e-type=\"container\" data-settings=\"{&quot;jet_parallax_layout_list&quot;:[]}\">\n\t\t<a class=\"elementor-element elementor-element-2fe57c8 e-con-full image-box--img e-flex e-con e-child\" data-id=\"2fe57c8\" data-element_type=\"container\" data-e-type=\"container\" data-settings=\"{&quot;background_background&quot;:&quot;classic&quot;,&quot;jet_parallax_layout_list&quot;:[]}\" href=\"https:\/\/reev.com\/fr\/case-study\/\">\n\t\t\t\t<\/a>\n\t\t<div class=\"elementor-element elementor-element-4daabcc e-con-full e-flex e-con e-child\" data-id=\"4daabcc\" data-element_type=\"container\" data-e-type=\"container\" data-settings=\"{&quot;background_background&quot;:&quot;classic&quot;,&quot;jet_parallax_layout_list&quot;:[]}\">\n\t\t\t\t<div class=\"elementor-element elementor-element-db022b7 elementor-widget elementor-widget-heading\" data-id=\"db022b7\" data-element_type=\"widget\" data-e-type=\"widget\" data-widget_type=\"heading.default\">\n\t\t\t\t\t<h3 class=\"elementor-heading-title elementor-size-default\">\u00c9tudes de cas<\/h3>\t\t\t\t<\/div>\n\t\t\t\t<div class=\"elementor-element elementor-element-73e37fc elementor-widget elementor-widget-heading\" data-id=\"73e37fc\" data-element_type=\"widget\" data-e-type=\"widget\" data-widget_type=\"heading.default\">\n\t\t\t\t\t<p class=\"elementor-heading-title elementor-size-default\">D\u00e9couvrez ici nos \u00e9tudes de cas, qui offrent un aper\u00e7u pratique des impl\u00e9mentations r\u00e9ussies de nos solutions de charge eMobility.<\/p>\t\t\t\t<\/div>\n\t\t\t\t<div class=\"elementor-element elementor-element-3eee232 elementor-align-right image-box--button elementor-widget elementor-widget-button\" data-id=\"3eee232\" data-element_type=\"widget\" data-e-type=\"widget\" data-widget_type=\"button.default\">\n\t\t\t\t\t\t\t\t\t\t<a class=\"elementor-button elementor-button-link elementor-size-sm\" href=\"https:\/\/reev.com\/fr\/case-study\/\">\n\t\t\t\t\t\t<span class=\"elementor-button-content-wrapper\">\n\t\t\t\t\t\t<span class=\"elementor-button-icon\">\n\t\t\t\t<svg xmlns=\"http:\/\/www.w3.org\/2000\/svg\" width=\"24\" height=\"24\" viewBox=\"0 0 24 24\" fill=\"none\"><path d=\"M17.453 6H6.548C6.40266 6 6.26328 6.05774 6.16051 6.16051C6.05774 6.26328 6 6.40266 6 6.548C6 6.69334 6.05774 6.83272 6.16051 6.93549C6.26328 7.03826 6.40266 7.096 6.548 7.096H16.133L6.163 17.066C6.11231 17.1167 6.0721 17.1769 6.04467 17.2431C6.01723 17.3093 6.00311 17.3803 6.00311 17.452C6.00311 17.5237 6.01723 17.5947 6.04467 17.6609C6.0721 17.7271 6.11231 17.7873 6.163 17.838C6.21369 17.8887 6.27387 17.9289 6.3401 17.9563C6.40633 17.9838 6.47731 17.9979 6.549 17.9979C6.62069 17.9979 6.69167 17.9838 6.7579 17.9563C6.82413 17.9289 6.88431 17.8887 6.935 17.838L16.905 7.867V17.453C16.905 17.5983 16.9627 17.7377 17.0655 17.8405C17.1683 17.9433 17.3077 18.001 17.453 18.001C17.5983 18.001 17.7377 17.9433 17.8405 17.8405C17.9433 17.7377 18.001 17.5983 18.001 17.453V6.546C17.9999 6.40117 17.9418 6.2626 17.8392 6.16038C17.7366 6.05815 17.5978 6.00052 17.453 6Z\" fill=\"#131923\"><\/path><\/svg>\t\t\t<\/span>\n\t\t\t\t\t\t\t\t\t<span class=\"elementor-button-text\">Vers les \u00e9tudes de cas<\/span>\n\t\t\t\t\t<\/span>\n\t\t\t\t\t<\/a>\n\t\t\t\t\t\t\t\t<\/div>\n\t\t\t\t<\/div>\n\t\t\t\t<\/div>\n\t\t<div class=\"elementor-element elementor-element-c90f650 e-con-full image-box e-flex e-con e-child\" data-id=\"c90f650\" data-element_type=\"container\" data-e-type=\"container\" data-settings=\"{&quot;jet_parallax_layout_list&quot;:[]}\">\n\t\t<a class=\"elementor-element elementor-element-c318546 e-con-full image-box--img e-flex e-con e-child\" data-id=\"c318546\" data-element_type=\"container\" data-e-type=\"container\" data-settings=\"{&quot;background_background&quot;:&quot;classic&quot;,&quot;jet_parallax_layout_list&quot;:[]}\" href=\"https:\/\/reev.com\/fr\/savoir\/foires-evenements\/\">\n\t\t\t\t<\/a>\n\t\t<div class=\"elementor-element elementor-element-40d8de9 e-con-full e-flex e-con e-child\" data-id=\"40d8de9\" data-element_type=\"container\" data-e-type=\"container\" data-settings=\"{&quot;background_background&quot;:&quot;classic&quot;,&quot;jet_parallax_layout_list&quot;:[]}\">\n\t\t\t\t<div class=\"elementor-element elementor-element-cb50d09 elementor-widget elementor-widget-heading\" data-id=\"cb50d09\" data-element_type=\"widget\" data-e-type=\"widget\" data-widget_type=\"heading.default\">\n\t\t\t\t\t<h3 class=\"elementor-heading-title elementor-size-default\">Foires &amp; \u00e9v\u00e9nements\n<\/h3>\t\t\t\t<\/div>\n\t\t\t\t<div class=\"elementor-element elementor-element-9b6d5c2 elementor-widget elementor-widget-heading\" data-id=\"9b6d5c2\" data-element_type=\"widget\" data-e-type=\"widget\" data-widget_type=\"heading.default\">\n\t\t\t\t\t<p class=\"elementor-heading-title elementor-size-default\">Rencontrez-nous en personne !<\/p>\t\t\t\t<\/div>\n\t\t\t\t<div class=\"elementor-element elementor-element-ed7ca17 elementor-align-right image-box--button elementor-widget elementor-widget-button\" data-id=\"ed7ca17\" data-element_type=\"widget\" data-e-type=\"widget\" data-widget_type=\"button.default\">\n\t\t\t\t\t\t\t\t\t\t<a class=\"elementor-button elementor-button-link elementor-size-sm\" href=\"https:\/\/reev.com\/fr\/savoir\/foires-evenements\/\">\n\t\t\t\t\t\t<span class=\"elementor-button-content-wrapper\">\n\t\t\t\t\t\t<span class=\"elementor-button-icon\">\n\t\t\t\t<svg xmlns=\"http:\/\/www.w3.org\/2000\/svg\" width=\"24\" height=\"24\" viewBox=\"0 0 24 24\" fill=\"none\"><path d=\"M17.453 6H6.548C6.40266 6 6.26328 6.05774 6.16051 6.16051C6.05774 6.26328 6 6.40266 6 6.548C6 6.69334 6.05774 6.83272 6.16051 6.93549C6.26328 7.03826 6.40266 7.096 6.548 7.096H16.133L6.163 17.066C6.11231 17.1167 6.0721 17.1769 6.04467 17.2431C6.01723 17.3093 6.00311 17.3803 6.00311 17.452C6.00311 17.5237 6.01723 17.5947 6.04467 17.6609C6.0721 17.7271 6.11231 17.7873 6.163 17.838C6.21369 17.8887 6.27387 17.9289 6.3401 17.9563C6.40633 17.9838 6.47731 17.9979 6.549 17.9979C6.62069 17.9979 6.69167 17.9838 6.7579 17.9563C6.82413 17.9289 6.88431 17.8887 6.935 17.838L16.905 7.867V17.453C16.905 17.5983 16.9627 17.7377 17.0655 17.8405C17.1683 17.9433 17.3077 18.001 17.453 18.001C17.5983 18.001 17.7377 17.9433 17.8405 17.8405C17.9433 17.7377 18.001 17.5983 18.001 17.453V6.546C17.9999 6.40117 17.9418 6.2626 17.8392 6.16038C17.7366 6.05815 17.5978 6.00052 17.453 6Z\" fill=\"#131923\"><\/path><\/svg>\t\t\t<\/span>\n\t\t\t\t\t\t\t\t\t<span class=\"elementor-button-text\">Vers les salons et \u00e9v\u00e9nements<\/span>\n\t\t\t\t\t<\/span>\n\t\t\t\t\t<\/a>\n\t\t\t\t\t\t\t\t<\/div>\n\t\t\t\t<\/div>\n\t\t\t\t<\/div>\n\t\t<div class=\"elementor-element elementor-element-5f900d7 e-con-full image-box e-flex e-con e-child\" data-id=\"5f900d7\" data-element_type=\"container\" data-e-type=\"container\" data-settings=\"{&quot;jet_parallax_layout_list&quot;:[]}\">\n\t\t<a class=\"elementor-element elementor-element-0c2202d e-con-full image-box--img e-flex e-con e-child\" data-id=\"0c2202d\" data-element_type=\"container\" data-e-type=\"container\" data-settings=\"{&quot;background_background&quot;:&quot;classic&quot;,&quot;jet_parallax_layout_list&quot;:[]}\" href=\"https:\/\/reev.com\/fr\/savoir\/faq\/\">\n\t\t\t\t<\/a>\n\t\t<div class=\"elementor-element elementor-element-2bda40f e-con-full e-flex e-con e-child\" data-id=\"2bda40f\" data-element_type=\"container\" data-e-type=\"container\" data-settings=\"{&quot;background_background&quot;:&quot;classic&quot;,&quot;jet_parallax_layout_list&quot;:[]}\">\n\t\t\t\t<div class=\"elementor-element elementor-element-6ad0de9 elementor-widget elementor-widget-heading\" data-id=\"6ad0de9\" data-element_type=\"widget\" data-e-type=\"widget\" data-widget_type=\"heading.default\">\n\t\t\t\t\t<h3 class=\"elementor-heading-title elementor-size-default\">FAQ<\/h3>\t\t\t\t<\/div>\n\t\t\t\t<div class=\"elementor-element elementor-element-9d2eb1b elementor-widget elementor-widget-heading\" data-id=\"9d2eb1b\" data-element_type=\"widget\" data-e-type=\"widget\" data-widget_type=\"heading.default\">\n\t\t\t\t\t<p class=\"elementor-heading-title elementor-size-default\">Vous trouverez ici les principales questions et r\u00e9ponses concernant nos solutions de recharge eMobility.<\/p>\t\t\t\t<\/div>\n\t\t\t\t<div class=\"elementor-element elementor-element-dca4fc5 elementor-align-right image-box--button elementor-widget elementor-widget-button\" data-id=\"dca4fc5\" data-element_type=\"widget\" data-e-type=\"widget\" data-widget_type=\"button.default\">\n\t\t\t\t\t\t\t\t\t\t<a class=\"elementor-button elementor-button-link elementor-size-sm\" href=\"https:\/\/reev.com\/fr\/savoir\/faq\/\">\n\t\t\t\t\t\t<span class=\"elementor-button-content-wrapper\">\n\t\t\t\t\t\t<span class=\"elementor-button-icon\">\n\t\t\t\t<svg xmlns=\"http:\/\/www.w3.org\/2000\/svg\" width=\"24\" height=\"24\" viewBox=\"0 0 24 24\" fill=\"none\"><path d=\"M17.453 6H6.548C6.40266 6 6.26328 6.05774 6.16051 6.16051C6.05774 6.26328 6 6.40266 6 6.548C6 6.69334 6.05774 6.83272 6.16051 6.93549C6.26328 7.03826 6.40266 7.096 6.548 7.096H16.133L6.163 17.066C6.11231 17.1167 6.0721 17.1769 6.04467 17.2431C6.01723 17.3093 6.00311 17.3803 6.00311 17.452C6.00311 17.5237 6.01723 17.5947 6.04467 17.6609C6.0721 17.7271 6.11231 17.7873 6.163 17.838C6.21369 17.8887 6.27387 17.9289 6.3401 17.9563C6.40633 17.9838 6.47731 17.9979 6.549 17.9979C6.62069 17.9979 6.69167 17.9838 6.7579 17.9563C6.82413 17.9289 6.88431 17.8887 6.935 17.838L16.905 7.867V17.453C16.905 17.5983 16.9627 17.7377 17.0655 17.8405C17.1683 17.9433 17.3077 18.001 17.453 18.001C17.5983 18.001 17.7377 17.9433 17.8405 17.8405C17.9433 17.7377 18.001 17.5983 18.001 17.453V6.546C17.9999 6.40117 17.9418 6.2626 17.8392 6.16038C17.7366 6.05815 17.5978 6.00052 17.453 6Z\" fill=\"#131923\"><\/path><\/svg>\t\t\t<\/span>\n\t\t\t\t\t\t\t\t\t<span class=\"elementor-button-text\">Vers la FAQ<\/span>\n\t\t\t\t\t<\/span>\n\t\t\t\t\t<\/a>\n\t\t\t\t\t\t\t\t<\/div>\n\t\t\t\t<\/div>\n\t\t\t\t<\/div>\n\t\t\t\t<\/div>\n\t\t\t\t\t<\/div>\n\t\t\t\t<\/div>\n\t\t\t\t<\/div>\n\t\t","protected":false},"excerpt":{"rendered":"<p>Home Webinaires Vous trouverez ici les dates \u00e0 venir ainsi que les webinaires pass\u00e9s sous forme de vid\u00e9os \u00e0 la demande. Vers les webinaires Blog Sur notre blog, vous trouverez des conseils importants et des faits passionnants sur l&#8217;eMobilit\u00e9, ainsi que des aper\u00e7us exclusifs de nos projets. Vers le blog \u00c9tudes de cas D\u00e9couvrez ici [&hellip;]<\/p>\n","protected":false},"author":13,"featured_media":261246,"parent":0,"menu_order":0,"comment_status":"closed","ping_status":"closed","template":"","meta":{"_seopress_robots_primary_cat":"","_seopress_titles_title":"","_seopress_titles_desc":"","_seopress_robots_index":"","footnotes":""},"class_list":["post-244928","page","type-page","status-publish","has-post-thumbnail","hentry"],"_links":{"self":[{"href":"https:\/\/reev.com\/fr\/wp-json\/wp\/v2\/pages\/244928","targetHints":{"allow":["GET"]}}],"collection":[{"href":"https:\/\/reev.com\/fr\/wp-json\/wp\/v2\/pages"}],"about":[{"href":"https:\/\/reev.com\/fr\/wp-json\/wp\/v2\/types\/page"}],"author":[{"embeddable":true,"href":"https:\/\/reev.com\/fr\/wp-json\/wp\/v2\/users\/13"}],"replies":[{"embeddable":true,"href":"https:\/\/reev.com\/fr\/wp-json\/wp\/v2\/comments?post=244928"}],"version-history":[{"count":0,"href":"https:\/\/reev.com\/fr\/wp-json\/wp\/v2\/pages\/244928\/revisions"}],"wp:featuredmedia":[{"embeddable":true,"href":"https:\/\/reev.com\/fr\/wp-json\/wp\/v2\/media\/261246"}],"wp:attachment":[{"href":"https:\/\/reev.com\/fr\/wp-json\/wp\/v2\/media?parent=244928"}],"curies":[{"name":"wp","href":"https:\/\/api.w.org\/{rel}","templated":true}]}}