{"id":250518,"date":"2023-01-10T14:14:45","date_gmt":"2023-01-10T13:14:45","guid":{"rendered":"https:\/\/reev.com\/informations-sur-la-protection-des-donnees-des-candidats\/"},"modified":"2026-02-12T23:35:58","modified_gmt":"2026-02-12T22:35:58","slug":"informations-sur-la-protection-des-donnees-des-candidats","status":"publish","type":"page","link":"https:\/\/reev.com\/fr\/informations-sur-la-protection-des-donnees-des-candidats\/","title":{"rendered":"Information sur la protection des donn\u00e9es des candidats"},"content":{"rendered":"\t\t<div data-elementor-type=\"wp-page\" data-elementor-id=\"250518\" class=\"elementor elementor-250518 elementor-238842\" data-elementor-post-type=\"page\">\n\t\t\t\t<div class=\"elementor-element elementor-element-f9ffa43 color-change e-con-full e-flex e-con e-parent\" data-id=\"f9ffa43\" data-element_type=\"container\" data-e-type=\"container\" data-settings=\"{&quot;jet_parallax_layout_list&quot;:[]}\">\n\t\t\t\t<div class=\"elementor-element elementor-element-3fb6196 jet-breadcrumbs-align-left elementor-widget elementor-widget-jet-breadcrumbs\" data-id=\"3fb6196\" data-element_type=\"widget\" data-e-type=\"widget\" data-widget_type=\"jet-breadcrumbs.default\">\n\t\t\t\t<div class=\"elementor-widget-container\">\n\t\t\t\t\t<div class=\"elementor-jet-breadcrumbs jet-blocks\">\n\t\t<div class=\"jet-breadcrumbs\">\n\t\t<div class=\"jet-breadcrumbs__content\">\n\t\t<div class=\"jet-breadcrumbs__wrap\"><div class=\"jet-breadcrumbs__item\"><a href=\"https:\/\/reev.com\/fr\/\" class=\"jet-breadcrumbs__item-link is-home\" rel=\"home\" title=\"Home\">Home<\/a><\/div>\n\t\t<\/div>\n\t\t<\/div>\n\t\t<\/div><\/div>\t\t\t\t<\/div>\n\t\t\t\t<\/div>\n\t\t\t\t<\/div>\n\t\t<div class=\"elementor-element elementor-element-a3fe4fa color-change e-flex e-con-boxed e-con e-parent\" data-id=\"a3fe4fa\" data-element_type=\"container\" data-e-type=\"container\" data-settings=\"{&quot;jet_parallax_layout_list&quot;:[]}\">\n\t\t\t\t\t<div class=\"e-con-inner\">\n\t\t<div class=\"elementor-element elementor-element-44a9cbb e-con-full e-flex e-con e-child\" data-id=\"44a9cbb\" data-element_type=\"container\" data-e-type=\"container\" data-settings=\"{&quot;jet_parallax_layout_list&quot;:[]}\">\n\t\t\t\t<div class=\"elementor-element elementor-element-412877c elementor-widget elementor-widget-heading\" data-id=\"412877c\" data-element_type=\"widget\" data-e-type=\"widget\" data-widget_type=\"heading.default\">\n\t\t\t\t\t<h1 class=\"elementor-heading-title elementor-size-default\">Information sur la protection des donn\u00e9es des candidats<\/h1>\t\t\t\t<\/div>\n\t\t\t\t<\/div>\n\t\t\t\t<div class=\"elementor-element elementor-element-b68f6ff elementor-widget__width-initial elementor-widget-tablet__width-inherit elementor-widget elementor-widget-image\" data-id=\"b68f6ff\" data-element_type=\"widget\" data-e-type=\"widget\" data-widget_type=\"image.default\">\n\t\t\t\t\t\t\t\t\t\t\t\t\t\t\t<img fetchpriority=\"high\" decoding=\"async\" width=\"2000\" height=\"1334\" src=\"https:\/\/reev.com\/wp-content\/uploads\/Image-26-scaled-1-1.jpg\" class=\"attachment-full size-full wp-image-332436\" alt=\"\" srcset=\"https:\/\/reev.com\/wp-content\/uploads\/Image-26-scaled-1-1.jpg 2000w, https:\/\/reev.com\/wp-content\/uploads\/Image-26-scaled-1-1-300x200.jpg 300w, https:\/\/reev.com\/wp-content\/uploads\/Image-26-scaled-1-1-1024x683.jpg 1024w, https:\/\/reev.com\/wp-content\/uploads\/Image-26-scaled-1-1-768x512.jpg 768w, https:\/\/reev.com\/wp-content\/uploads\/Image-26-scaled-1-1-1536x1025.jpg 1536w, https:\/\/reev.com\/wp-content\/uploads\/Image-26-scaled-1-1-1080x720.jpg 1080w, https:\/\/reev.com\/wp-content\/uploads\/Image-26-scaled-1-1-1280x854.jpg 1280w, https:\/\/reev.com\/wp-content\/uploads\/Image-26-scaled-1-1-980x654.jpg 980w, https:\/\/reev.com\/wp-content\/uploads\/Image-26-scaled-1-1-480x320.jpg 480w\" sizes=\"(max-width: 2000px) 100vw, 2000px\" \/>\t\t\t\t\t\t\t\t\t\t\t\t\t\t\t<\/div>\n\t\t\t\t\t<\/div>\n\t\t\t\t<\/div>\n\t\t<div class=\"elementor-element elementor-element-06fe7d8 color-change e-flex e-con-boxed e-con e-parent\" data-id=\"06fe7d8\" data-element_type=\"container\" data-e-type=\"container\" data-settings=\"{&quot;jet_parallax_layout_list&quot;:[]}\">\n\t\t\t\t\t<div class=\"e-con-inner\">\n\t\t<div class=\"elementor-element elementor-element-ee77593 e-con-full e-flex e-con e-child\" data-id=\"ee77593\" data-element_type=\"container\" data-e-type=\"container\" data-settings=\"{&quot;jet_parallax_layout_list&quot;:[]}\">\n\t\t<div class=\"elementor-element elementor-element-dc51125 e-con-full e-flex e-con e-child\" data-id=\"dc51125\" data-element_type=\"container\" data-e-type=\"container\" data-settings=\"{&quot;jet_parallax_layout_list&quot;:[]}\">\n\t\t\t\t<div class=\"elementor-element elementor-element-ddda602 elementor-widget elementor-widget-text-editor\" data-id=\"ddda602\" data-element_type=\"widget\" data-e-type=\"widget\" data-widget_type=\"text-editor.default\">\n\t\t\t\t\t\t\t\t\t<div class=\"et_pb_module et_pb_text et_pb_text_3 et_pb_text_align_left et_pb_bg_layout_light\"><div class=\"et_pb_text_inner\"><div class=\"et_pb_module et_pb_text et_pb_text_1 et_pb_text_align_left et_pb_bg_layout_light\"><div class=\"et_pb_text_inner\"><h4><strong>1. le nom et les coordonn\u00e9es du responsable du traitement<\/strong><\/h4><p>La pr\u00e9sente d\u00e9claration de confidentialit\u00e9 s&#8217;applique au traitement des donn\u00e9es par :<\/p><p><strong>Responsable : <\/strong>reev GmbH<\/p><p><strong>Adresse : <\/strong>Sandstra\u00dfe 3<br>80335 Munich<\/p><p><strong>adresse \u00e9lectronique : <\/strong><a href=\"mailto:info@reev.com\">info@reev.com<\/a><\/p><p><strong>T\u00e9l\u00e9phone : <\/strong>08921538970<\/p><\/div><\/div><div class=\"et_pb_module et_pb_text et_pb_text_2 et_pb_text_align_left et_pb_bg_layout_light\"><div class=\"et_pb_text_inner\"><h4><strong>2. les coordonn\u00e9es du d\u00e9l\u00e9gu\u00e9 \u00e0 la protection des donn\u00e9es<\/strong><\/h4><p>Vous pouvez contacter notre responsable de la protection des donn\u00e9es \u00e0 l&#8217;adresse suivante :<\/p><p>SiDIT GmbH<br>Langgasse 20<br>97261 G\u00fcntersleben<br>E-mail : <strong><a class=\"c-link\" href=\"mailto:info@sidit.de\" target=\"_blank\" rel=\"noopener noreferrer\" data-sk=\"tooltip_parent\">info@sidit.de<\/a><\/strong><br>Site web :<strong> <a class=\"c-link\" href=\"https:\/\/sidit.de\/\" target=\"_blank\" rel=\"noopener noreferrer\" data-sk=\"tooltip_parent\">https:\/\/sidit.de\/<\/a><\/strong><\/p><\/div><\/div><div class=\"et_pb_module et_pb_text et_pb_text_3 et_pb_text_align_left et_pb_bg_layout_light\"><div class=\"et_pb_text_inner\"><h4><strong>3. la collecte et le stockage de donn\u00e9es \u00e0 caract\u00e8re personnel dans le cadre de candidatures et de profils de candidats sur des portails de recrutement, ainsi que la nature, la finalit\u00e9 et l&#8217;utilisation de ces donn\u00e9es<\/strong><\/h4><h5><strong>3.1. Collecte et stockage<\/strong><\/h5><p>Si<\/p><ul><li>&#8211; Vous nous contactez pour la premi\u00e8re fois,<\/li><li>&#8211; vous nous soumettez une candidature,<\/li><li>&#8211; nous vous contactons pour la premi\u00e8re fois sur la base de votre profil de candidat sur les portails de recrutement tels que<br>Experteer et\/ou Indeed ou<\/li><li>&#8211; nous vous contactons pour la premi\u00e8re fois sur la base de votre profil sur des plates-formes de m\u00e9dias sociaux professionnels telles que LinkedIn et\/ou XING,<\/li><\/ul><p>alors nous traitons g\u00e9n\u00e9ralement les <strong>informations<\/strong> suivantes :<\/p><ul><li>&#8211; Civilit\u00e9, pr\u00e9nom, nom de famille,<\/li><li>&#8211; Adresse,<\/li><li>&#8211; une adresse \u00e9lectronique valide,<\/li><li>&#8211; Num\u00e9ro de t\u00e9l\u00e9phone (fixe et\/ou mobile),<\/li><li>&#8211; toutes les autres donn\u00e9es que vous fournissez dans votre dossier de candidature (notamment votre CV et vos dipl\u00f4mes)<\/li><li>&#8211; toutes les autres donn\u00e9es que vous avez partag\u00e9es dans le profil du candidat sur les portails de recrutement<\/li><li>&#8211; toutes les autres donn\u00e9es que vous fournissez dans le cadre de la proc\u00e9dure de candidature (dans les questionnaires des candidats, les entretiens, etc.)<\/li><li>&#8211; les cat\u00e9gories particuli\u00e8res de donn\u00e9es \u00e0 caract\u00e8re personnel fournies volontairement<\/li><\/ul><h5><strong>3.2 Pour quelle raison traitons-nous vos donn\u00e9es (finalit\u00e9 du traitement) et sur quelle base juridique ?<\/strong><\/h5><p>Nous vous informons ci-dessous de la raison pour laquelle nous traitons vos donn\u00e9es et sur quelle base juridique.<\/p><h5><strong>3.2.1. Pour l&#8217;ex\u00e9cution d&#8217;obligations contractuelles et de mesures pr\u00e9contractuelles (article 6, paragraphe 1, point b) du RGPD)<\/strong><\/h5><p>Nous traitons vos donn\u00e9es afin d&#8217;ex\u00e9cuter les obligations contractuelles et les mesures pr\u00e9contractuelles avec vous, c&#8217;est-\u00e0-dire notamment<\/p><ul><li>&#8211; pour le traitement interne de votre candidature<\/li><li>&#8211; pour mener \u00e0 bien la proc\u00e9dure de candidature<\/li><li>&#8211; pour correspondre avec vous<\/li><li>&#8211; pour l&#8217;ex\u00e9cution ou la fin d&#8217;une relation d&#8217;emploi<\/li><li>&#8211; pour exercer ou ex\u00e9cuter des droits et obligations d\u00e9coulant de la loi ou d&#8217;une convention collective, d&#8217;un accord d&#8217;entreprise ou d&#8217;un accord de service<\/li><li>&#8211; pour traiter les \u00e9ventuelles r\u00e9clamations de responsabilit\u00e9 et faire valoir les droits \u00e9ventuels \u00e0 votre encontre.<\/li><\/ul><h5><strong>3.2.2 Sur la base de votre consentement (article 6, paragraphe 1, point a) du RGPD)<\/strong><\/h5><p>En principe, nous supprimons vos donn\u00e9es au plus tard six mois apr\u00e8s la fin de la proc\u00e9dure de candidature, \u00e0 moins qu&#8217;il n&#8217;existe d&#8217;autres motifs de conservation, voir le point 4. Si vous nous avez donn\u00e9 votre consentement au traitement de vos donn\u00e9es \u00e0 caract\u00e8re personnel dans le cadre d&#8217;un \u00ab bassin de candidats \u00bb, nous le supprimons au plus tard trois ans apr\u00e8s l&#8217;avoir obtenu. L&#8217;objectif du \u00ab bassin de candidats \u00bb est de pouvoir vous prendre en consid\u00e9ration pour un futur poste \u00e0 pourvoir. <\/p><p>Vous pouvez r\u00e9voquer les consentements \u00e0 tout moment avec effet pour l&#8217;avenir. Cela s&#8217;applique \u00e9galement aux d\u00e9clarations de consentement que vous avez donn\u00e9es \u00e0 notre \u00e9gard avant l&#8217;application du RGPD, c&#8217;est-\u00e0-dire avant le 25 mai 2018. Nous vous informons que le retrait du consentement n&#8217;affecte pas la lic\u00e9it\u00e9 du traitement effectu\u00e9 sur la base du consentement jusqu&#8217;au retrait de celui-ci.  <\/p><h5><strong>3.2.3. En vertu d&#8217;exigences l\u00e9gales (article 6, paragraphe 1, point c) du RGPD)<\/strong><\/h5><p>Nous sommes soumis \u00e0 diverses obligations l\u00e9gales, telles que l&#8217;obligation de fournir des informations sur les produits. des obligations l\u00e9gales de conservation et de documentation en vertu du droit commercial (du code de commerce, du code p\u00e9nal ou du code de la route). <\/p><h5><strong>3.2.4. Le traitement de cat\u00e9gories particuli\u00e8res de donn\u00e9es \u00e0 caract\u00e8re personnel (article 9, paragraphe 2, du RGPD)<\/strong><\/h5><p>Nous traitons les cat\u00e9gories particuli\u00e8res de donn\u00e9es \u00e0 caract\u00e8re personnel que vous nous avez fournies si vous nous avez donn\u00e9 votre consentement conform\u00e9ment \u00e0 l&#8217;article 9, paragraphe 2, point a), du RGPD ou si le traitement est n\u00e9cessaire pour nous permettre d&#8217;exercer les droits qui vous sont conf\u00e9r\u00e9s par le droit du travail et le droit de la s\u00e9curit\u00e9 sociale et de la protection sociale et de remplir nos obligations en la mati\u00e8re.  <\/p><\/div><\/div><div class=\"et_pb_module et_pb_text et_pb_text_4 et_pb_text_align_left et_pb_bg_layout_light\"><div class=\"et_pb_text_inner\"><h4><strong>4. transfert de donn\u00e9es \u00e0 des tiers et \u00e0 des sous-traitants<\/strong><\/h4><p>La transmission de donn\u00e9es \u00e0 caract\u00e8re personnel constitue \u00e9galement un traitement au sens du point 2.2 ci-dessus. Nous souhaitons toutefois vous informer ici \u00e0 nouveau s\u00e9par\u00e9ment sur le th\u00e8me de la transmission \u00e0 des tiers. La protection de vos donn\u00e9es personnelles nous tient particuli\u00e8rement \u00e0 c\u0153ur. C\u2019est pourquoi nous sommes particuli\u00e8rement prudents lorsqu\u2019il s\u2019agit de transmettre vos donn\u00e9es \u00e0 des tiers.   <\/p><p>Le transfert de vos donn\u00e9es personnelles \u00e0 des tiers a g\u00e9n\u00e9ralement lieu aux fins suivantes :<\/p><ul><li>&#8211; Sous-traitants avec lesquels nous avons conclu un accord conform\u00e9ment \u00e0 l&#8217;article 28 du RGPD<\/li><li>&#8211; Comptabilit\u00e9 (par exemple, conseiller fiscal)<\/li><li>&#8211; Litiges (par exemple, avocat)<\/li><li>&#8211; Plate-forme de communication (par ex. e-mail, WhatsApp, autres services de messagerie)<\/li><\/ul><\/div><\/div><div class=\"et_pb_module et_pb_text et_pb_text_5 et_pb_text_align_left et_pb_bg_layout_light\"><div class=\"et_pb_text_inner\"><h4><strong>5. suppression<\/strong><\/h4><p>Nous supprimons vos donn\u00e9es personnelles dans la mesure o\u00f9 elles ne sont plus n\u00e9cessaires aux fins pour lesquelles elles ont \u00e9t\u00e9 collect\u00e9es ou trait\u00e9es d&#8217;une autre mani\u00e8re, o\u00f9 leur traitement n&#8217;est pas n\u00e9cessaire \u00e0 l&#8217;exercice du droit \u00e0 la libert\u00e9 d&#8217;expression et d&#8217;information, au respect d&#8217;une obligation l\u00e9gale, pour des raisons d&#8217;int\u00e9r\u00eat public ou pour la constatation, l&#8217;exercice ou la d\u00e9fense de droits en justice.<\/p><\/div><\/div><div class=\"et_pb_module et_pb_text et_pb_text_6 et_pb_text_align_left et_pb_bg_layout_light\"><div class=\"et_pb_text_inner\"><h4><strong>6. droits des personnes concern\u00e9es<\/strong><\/h4><p>Vous avez le droit<\/p><ul><li>&#8211; conform\u00e9ment \u00e0 l&#8217;article 7, paragraphe 3, du RGPD, de r\u00e9voquer \u00e0 tout moment le consentement que vous nous avez donn\u00e9. Cela a pour cons\u00e9quence que nous cessons de traiter les donn\u00e9es bas\u00e9es sur ce consentement.  <\/li><\/ul><p>ne doivent pas continuer \u00e0 l&#8217;avenir ;<\/p><ul><li>&#8211; conform\u00e9ment \u00e0 l&#8217;article 15 du RGPD, de demander des informations sur les donn\u00e9es \u00e0 caract\u00e8re personnel que nous traitons. Vous pouvez notamment demander des informations sur les finalit\u00e9s du traitement, la cat\u00e9gorie de donn\u00e9es \u00e0 caract\u00e8re personnel, les cat\u00e9gories de destinataires auxquels vos donn\u00e9es ont \u00e9t\u00e9 ou seront divulgu\u00e9es, la dur\u00e9e de conservation pr\u00e9vue, l&#8217;existence d&#8217;un droit de rectification, d&#8217;effacement, de limitation du traitement ou d&#8217;opposition, l&#8217;existence d&#8217;un droit de recours, l&#8217;origine de vos donn\u00e9es si elles n&#8217;ont pas \u00e9t\u00e9 collect\u00e9es aupr\u00e8s de nous, ainsi que l&#8217;existence d&#8217;une prise de d\u00e9cision automatis\u00e9e, y compris le profilage, et, le cas \u00e9ch\u00e9ant, des informations pertinentes sur les d\u00e9tails de celle-ci ; <\/li><\/ul><ul><li>&#8211; conform\u00e9ment \u00e0 l&#8217;article 16 du RGPD, d&#8217;exiger sans d\u00e9lai la rectification des donn\u00e9es \u00e0 caract\u00e8re personnel vous concernant qui sont inexactes ou incompl\u00e8tes ;<\/li><\/ul><ul><li>&#8211; conform\u00e9ment \u00e0 l&#8217;article 17 du RGPD, d&#8217;exiger la suppression de vos donn\u00e9es personnelles stock\u00e9es chez nous, dans la mesure o\u00f9 elles ne sont plus n\u00e9cessaires aux fins pour lesquelles elles ont \u00e9t\u00e9 collect\u00e9es ou trait\u00e9es d&#8217;une autre mani\u00e8re, o\u00f9 leur traitement n&#8217;est pas n\u00e9cessaire \u00e0 l&#8217;exercice du droit \u00e0 la libert\u00e9 d&#8217;expression et d&#8217;information, au respect d&#8217;une obligation l\u00e9gale, pour des raisons d&#8217;int\u00e9r\u00eat public ou pour la constatation, l&#8217;exercice ou la d\u00e9fense de droits en justice ;<\/li><\/ul><ul><li>&#8211; d&#8217;exiger, conform\u00e9ment \u00e0 l&#8217;article 18 du RGPD, la limitation du traitement de vos donn\u00e9es \u00e0 caract\u00e8re personnel dans la mesure o\u00f9 vous contestez l&#8217;exactitude de ces donn\u00e9es, o\u00f9 le traitement n&#8217;est pas n\u00e9cessaire ou si vous ne souhaitez pas que vos donn\u00e9es soient trait\u00e9es.<\/li><\/ul><p>est illicite, mais que vous refusez leur suppression et que nous n&#8217;avons plus besoin des donn\u00e9es, mais que vous en avez besoin pour faire valoir, exercer ou d\u00e9fendre des droits en justice ou que vous vous \u00eates oppos\u00e9 au traitement conform\u00e9ment \u00e0 l&#8217;article 21 du RGPD ;<\/p><ul><li>&#8211; conform\u00e9ment \u00e0 l&#8217;article 20 du RGPD, de recevoir les donn\u00e9es \u00e0 caract\u00e8re personnel que vous nous avez fournies dans un format structur\u00e9, couramment utilis\u00e9 et lisible par machine, ou d&#8217;en demander la transmission \u00e0 un autre responsable du traitement, et<\/li><\/ul><ul><li>&#8211; de d\u00e9poser une plainte aupr\u00e8s d&#8217;une autorit\u00e9 de surveillance conform\u00e9ment \u00e0 l&#8217;article 77 du RGPD. En r\u00e8gle g\u00e9n\u00e9rale, vous pouvez vous adresser \u00e0 l&#8217;autorit\u00e9 de surveillance de votre lieu de r\u00e9sidence ou de travail habituel. <\/li><\/ul><\/div><\/div><div class=\"et_pb_module et_pb_text et_pb_text_7 et_pb_text_align_left et_pb_bg_layout_light\"><div class=\"et_pb_text_inner\"><h4><strong>7. droit d&#8217;opposition<\/strong><\/h4><p>Lorsque vos donn\u00e9es personnelles sont collect\u00e9es sur la base d&#8217;int\u00e9r\u00eats l\u00e9gitimes conform\u00e9ment \u00e0 l&#8217;article 6, paragraphe 1, de la loi sur la protection des donn\u00e9es, nous nous r\u00e9servons le droit de les utiliser \u00e0 d&#8217;autres fins. 1 S. 1 lit. Conform\u00e9ment \u00e0 l&#8217;article 21 du RGPD, vous avez le droit de vous opposer au traitement de vos donn\u00e9es personnelles pour des raisons li\u00e9es \u00e0 votre situation particuli\u00e8re. Si vous souhaitez faire usage de votre droit d&#8217;opposition, il vous suffit d&#8217;envoyer un e-mail \u00e0<strong> <a href=\"mailto:info@reev.com\">info@reev.com<\/a><\/strong><\/p><\/div><\/div><\/div><\/div>\t\t\t\t\t\t\t\t<\/div>\n\t\t\t\t<\/div>\n\t\t\t\t<\/div>\n\t\t\t\t\t<\/div>\n\t\t\t\t<\/div>\n\t\t<div class=\"elementor-element elementor-element-83aad39 e-flex e-con-boxed e-con e-parent\" data-id=\"83aad39\" data-element_type=\"container\" data-e-type=\"container\" data-settings=\"{&quot;jet_parallax_layout_list&quot;:[]}\">\n\t\t\t\t\t<div class=\"e-con-inner\">\n\t\t<div class=\"elementor-element elementor-element-ec4195b e-con-full e-flex e-con e-child\" data-id=\"ec4195b\" data-element_type=\"container\" data-e-type=\"container\" data-settings=\"{&quot;background_background&quot;:&quot;classic&quot;,&quot;jet_parallax_layout_list&quot;:[]}\">\n\t\t<div class=\"elementor-element elementor-element-0e99b76 e-con-full e-flex e-con e-child\" data-id=\"0e99b76\" data-element_type=\"container\" data-e-type=\"container\" data-settings=\"{&quot;jet_parallax_layout_list&quot;:[]}\">\n\t\t\t\t<div class=\"elementor-element elementor-element-c6401ee elementor-widget elementor-widget-heading\" data-id=\"c6401ee\" data-element_type=\"widget\" data-e-type=\"widget\" data-widget_type=\"heading.default\">\n\t\t\t\t\t<h2 class=\"elementor-heading-title elementor-size-default\">Vous avez des questions ?<\/h2>\t\t\t\t<\/div>\n\t\t\t\t<div class=\"elementor-element elementor-element-a2b2aa5 elementor-widget elementor-widget-text-editor\" data-id=\"a2b2aa5\" data-element_type=\"widget\" data-e-type=\"widget\" data-widget_type=\"text-editor.default\">\n\t\t\t\t\t\t\t\t\t<div class=\"dtq-card-desc\"><p class=\"img-box__paragraph\">Faites une demande de produit ou contactez notre service commercial.<\/p><\/div>\t\t\t\t\t\t\t\t<\/div>\n\t\t\t\t<div class=\"elementor-element elementor-element-a57ce99 elementor-align-left reev-button reev-button--white elementor-widget elementor-widget-button\" data-id=\"a57ce99\" data-element_type=\"widget\" data-e-type=\"widget\" data-widget_type=\"button.default\">\n\t\t\t\t\t\t\t\t\t\t<a class=\"elementor-button elementor-button-link elementor-size-sm\" href=\"https:\/\/reev.com\/fr\/solutions\/recharger-dans-le-secteur-residentiel\/contacter\/\">\n\t\t\t\t\t\t<span class=\"elementor-button-content-wrapper\">\n\t\t\t\t\t\t<span class=\"elementor-button-icon\">\n\t\t\t\t<svg xmlns=\"http:\/\/www.w3.org\/2000\/svg\" width=\"20\" height=\"20\" viewBox=\"0 0 20 20\" fill=\"none\"><path d=\"M11.25 3.75L17.5 10M17.5 10L11.25 16.25M17.5 10H2.5\" stroke=\"#131923\" stroke-width=\"1.5\" stroke-linecap=\"round\" stroke-linejoin=\"round\"><\/path><\/svg>\t\t\t<\/span>\n\t\t\t\t\t\t\t\t\t<span class=\"elementor-button-text\">Prendre contact<\/span>\n\t\t\t\t\t<\/span>\n\t\t\t\t\t<\/a>\n\t\t\t\t\t\t\t\t<\/div>\n\t\t\t\t<\/div>\n\t\t\t\t<\/div>\n\t\t\t\t\t<\/div>\n\t\t\t\t<\/div>\n\t\t\t\t<\/div>\n\t\t","protected":false},"excerpt":{"rendered":"<p>Home Information sur la protection des donn\u00e9es des candidats 1. le nom et les coordonn\u00e9es du responsable du traitement La pr\u00e9sente d\u00e9claration de confidentialit\u00e9 s&#8217;applique au traitement des donn\u00e9es par : Responsable : reev GmbH Adresse : Sandstra\u00dfe 380335 Munich adresse \u00e9lectronique : info@reev.com T\u00e9l\u00e9phone : 08921538970 2. les coordonn\u00e9es du d\u00e9l\u00e9gu\u00e9 \u00e0 la protection [&hellip;]<\/p>\n","protected":false},"author":37,"featured_media":0,"parent":0,"menu_order":0,"comment_status":"closed","ping_status":"closed","template":"","meta":{"_seopress_robots_primary_cat":"","_seopress_titles_title":"","_seopress_titles_desc":"","_seopress_robots_index":"","footnotes":""},"class_list":["post-250518","page","type-page","status-publish","hentry"],"_links":{"self":[{"href":"https:\/\/reev.com\/fr\/wp-json\/wp\/v2\/pages\/250518","targetHints":{"allow":["GET"]}}],"collection":[{"href":"https:\/\/reev.com\/fr\/wp-json\/wp\/v2\/pages"}],"about":[{"href":"https:\/\/reev.com\/fr\/wp-json\/wp\/v2\/types\/page"}],"author":[{"embeddable":true,"href":"https:\/\/reev.com\/fr\/wp-json\/wp\/v2\/users\/37"}],"replies":[{"embeddable":true,"href":"https:\/\/reev.com\/fr\/wp-json\/wp\/v2\/comments?post=250518"}],"version-history":[{"count":0,"href":"https:\/\/reev.com\/fr\/wp-json\/wp\/v2\/pages\/250518\/revisions"}],"wp:attachment":[{"href":"https:\/\/reev.com\/fr\/wp-json\/wp\/v2\/media?parent=250518"}],"curies":[{"name":"wp","href":"https:\/\/api.w.org\/{rel}","templated":true}]}}