{"id":313343,"date":"2024-11-04T13:54:36","date_gmt":"2024-11-04T12:54:36","guid":{"rendered":"https:\/\/reev.com\/?page_id=313343"},"modified":"2025-06-19T14:53:05","modified_gmt":"2025-06-19T12:53:05","slug":"merci-pour-votre-demande-2","status":"publish","type":"page","link":"https:\/\/reev.com\/fr\/migration-de-logiciel-de-recharge\/merci-pour-votre-demande-2\/","title":{"rendered":"Merci pour votre demande de migration de logiciel"},"content":{"rendered":"\t\t<div data-elementor-type=\"wp-page\" data-elementor-id=\"313343\" class=\"elementor elementor-313343 elementor-313340\" data-elementor-post-type=\"page\">\n\t\t\t\t<div class=\"elementor-element elementor-element-a04f780 color-change e-flex e-con-boxed e-con e-parent\" data-id=\"a04f780\" data-element_type=\"container\" data-e-type=\"container\" data-settings=\"{&quot;jet_parallax_layout_list&quot;:[]}\">\n\t\t\t\t\t<div class=\"e-con-inner\">\n\t\t\t\t<div class=\"elementor-element elementor-element-3edd47a jet-breadcrumbs-align-left elementor-widget elementor-widget-jet-breadcrumbs\" data-id=\"3edd47a\" data-element_type=\"widget\" data-e-type=\"widget\" data-widget_type=\"jet-breadcrumbs.default\">\n\t\t\t\t<div class=\"elementor-widget-container\">\n\t\t\t\t\t<div class=\"elementor-jet-breadcrumbs jet-blocks\">\n\t\t<div class=\"jet-breadcrumbs\">\n\t\t<div class=\"jet-breadcrumbs__content\">\n\t\t<div class=\"jet-breadcrumbs__wrap\"><div class=\"jet-breadcrumbs__item\"><a href=\"https:\/\/reev.com\/fr\/\" class=\"jet-breadcrumbs__item-link is-home\" rel=\"home\" title=\"Home\">Home<\/a><\/div>\n\t\t<\/div>\n\t\t<\/div>\n\t\t<\/div><\/div>\t\t\t\t<\/div>\n\t\t\t\t<\/div>\n\t\t\t\t\t<\/div>\n\t\t\t\t<\/div>\n\t\t<div class=\"elementor-element elementor-element-0d034ca color-change e-flex e-con-boxed e-con e-parent\" data-id=\"0d034ca\" data-element_type=\"container\" data-e-type=\"container\" data-settings=\"{&quot;jet_parallax_layout_list&quot;:[]}\">\n\t\t\t\t\t<div class=\"e-con-inner\">\n\t\t<div class=\"elementor-element elementor-element-4f4f9f2 e-con-full e-flex e-con e-child\" data-id=\"4f4f9f2\" data-element_type=\"container\" data-e-type=\"container\" data-settings=\"{&quot;jet_parallax_layout_list&quot;:[]}\">\n\t\t\t\t<div class=\"elementor-element elementor-element-a490231 elementor-widget elementor-widget-heading\" data-id=\"a490231\" data-element_type=\"widget\" data-e-type=\"widget\" data-widget_type=\"heading.default\">\n\t\t\t\t\t<h1 class=\"elementor-heading-title elementor-size-default\">Merci de votre demande !<\/h1>\t\t\t\t<\/div>\n\t\t\t\t<div class=\"elementor-element elementor-element-334f823 elementor-widget elementor-widget-text-editor\" data-id=\"334f823\" data-element_type=\"widget\" data-e-type=\"widget\" data-widget_type=\"text-editor.default\">\n\t\t\t\t\t\t\t\t\t<p class=\"cta-section__heading\">Nous vous remercions de nous avoir contact\u00e9s. Notre \u00e9quipe vous contactera bient\u00f4t. <\/p>\n<p class=\"cta-section__heading\">Si d&#8217;ici l\u00e0, vous recherchez des informations suppl\u00e9mentaires sur l&#8217;eMobilit\u00e9, nous vous recommandons de consulter notre blog &#8211; avec des informations utiles sur l&#8217;eMobilit\u00e9, des perspectives passionnantes et des aper\u00e7us exclusifs de nos projets.<\/p>\n\t\t\t\t\t\t\t\t<\/div>\n\t\t\t\t<div class=\"elementor-element elementor-element-37569e0 elementor-align-left reev-button reev-button--yellow elementor-widget elementor-widget-button\" data-id=\"37569e0\" data-element_type=\"widget\" data-e-type=\"widget\" data-widget_type=\"button.default\">\n\t\t\t\t\t\t\t\t\t\t<a class=\"elementor-button elementor-button-link elementor-size-sm\" href=\"https:\/\/reev.com\/fr\/reev-blog\/\">\n\t\t\t\t\t\t<span class=\"elementor-button-content-wrapper\">\n\t\t\t\t\t\t<span class=\"elementor-button-icon\">\n\t\t\t\t<svg xmlns=\"http:\/\/www.w3.org\/2000\/svg\" width=\"20\" height=\"20\" viewBox=\"0 0 20 20\" fill=\"none\"><path d=\"M11.25 3.75L17.5 10M17.5 10L11.25 16.25M17.5 10H2.5\" stroke=\"#131923\" stroke-width=\"1.5\" stroke-linecap=\"round\" stroke-linejoin=\"round\"><\/path><\/svg>\t\t\t<\/span>\n\t\t\t\t\t\t\t\t\t<span class=\"elementor-button-text\">Vers le blog reev<\/span>\n\t\t\t\t\t<\/span>\n\t\t\t\t\t<\/a>\n\t\t\t\t\t\t\t\t<\/div>\n\t\t\t\t<\/div>\n\t\t\t\t<div class=\"elementor-element elementor-element-78177fc elementor-widget__width-initial elementor-widget-tablet__width-inherit elementor-widget elementor-widget-image\" data-id=\"78177fc\" data-element_type=\"widget\" data-e-type=\"widget\" data-widget_type=\"image.default\">\n\t\t\t\t\t\t\t\t\t\t\t\t\t\t\t<img fetchpriority=\"high\" decoding=\"async\" width=\"2560\" height=\"1452\" src=\"https:\/\/reev.com\/wp-content\/uploads\/Image-36-Wide-1-scaled.jpg\" class=\"attachment-full size-full wp-image-283986\" alt=\"\" srcset=\"https:\/\/reev.com\/wp-content\/uploads\/Image-36-Wide-1-scaled.jpg 2560w, https:\/\/reev.com\/wp-content\/uploads\/Image-36-Wide-1-300x170.jpg 300w, https:\/\/reev.com\/wp-content\/uploads\/Image-36-Wide-1-1024x581.jpg 1024w, https:\/\/reev.com\/wp-content\/uploads\/Image-36-Wide-1-768x436.jpg 768w, https:\/\/reev.com\/wp-content\/uploads\/Image-36-Wide-1-1536x871.jpg 1536w, https:\/\/reev.com\/wp-content\/uploads\/Image-36-Wide-1-2048x1162.jpg 2048w, https:\/\/reev.com\/wp-content\/uploads\/Image-36-Wide-1-1080x613.jpg 1080w, https:\/\/reev.com\/wp-content\/uploads\/Image-36-Wide-1-1280x726.jpg 1280w, https:\/\/reev.com\/wp-content\/uploads\/Image-36-Wide-1-980x556.jpg 980w, https:\/\/reev.com\/wp-content\/uploads\/Image-36-Wide-1-480x272.jpg 480w\" sizes=\"(max-width: 2560px) 100vw, 2560px\" \/>\t\t\t\t\t\t\t\t\t\t\t\t\t\t\t<\/div>\n\t\t\t\t\t<\/div>\n\t\t\t\t<\/div>\n\t\t\t\t<\/div>\n\t\t","protected":false},"excerpt":{"rendered":"<p>Home Merci de votre demande ! Nous vous remercions de nous avoir contact\u00e9s. Notre \u00e9quipe vous contactera bient\u00f4t. Si d&#8217;ici l\u00e0, vous recherchez des informations suppl\u00e9mentaires sur l&#8217;eMobilit\u00e9, nous vous recommandons de consulter notre blog &#8211; avec des informations utiles sur l&#8217;eMobilit\u00e9, des perspectives passionnantes et des aper\u00e7us exclusifs de nos projets. Vers le blog [&hellip;]<\/p>\n","protected":false},"author":13,"featured_media":0,"parent":309302,"menu_order":0,"comment_status":"closed","ping_status":"closed","template":"","meta":{"_seopress_robots_primary_cat":"","_seopress_titles_title":"","_seopress_titles_desc":"","_seopress_robots_index":"yes","footnotes":""},"class_list":["post-313343","page","type-page","status-publish","hentry"],"_links":{"self":[{"href":"https:\/\/reev.com\/fr\/wp-json\/wp\/v2\/pages\/313343","targetHints":{"allow":["GET"]}}],"collection":[{"href":"https:\/\/reev.com\/fr\/wp-json\/wp\/v2\/pages"}],"about":[{"href":"https:\/\/reev.com\/fr\/wp-json\/wp\/v2\/types\/page"}],"author":[{"embeddable":true,"href":"https:\/\/reev.com\/fr\/wp-json\/wp\/v2\/users\/13"}],"replies":[{"embeddable":true,"href":"https:\/\/reev.com\/fr\/wp-json\/wp\/v2\/comments?post=313343"}],"version-history":[{"count":0,"href":"https:\/\/reev.com\/fr\/wp-json\/wp\/v2\/pages\/313343\/revisions"}],"up":[{"embeddable":true,"href":"https:\/\/reev.com\/fr\/wp-json\/wp\/v2\/pages\/309302"}],"wp:attachment":[{"href":"https:\/\/reev.com\/fr\/wp-json\/wp\/v2\/media?parent=313343"}],"curies":[{"name":"wp","href":"https:\/\/api.w.org\/{rel}","templated":true}]}}