{"id":333547,"date":"2025-02-04T10:55:14","date_gmt":"2025-02-04T09:55:14","guid":{"rendered":"https:\/\/reev.com\/merci-de-votre-interet-pour-notre-etude-de-cas\/"},"modified":"2025-06-13T16:37:44","modified_gmt":"2025-06-13T14:37:44","slug":"merci-de-votre-interet-pour-notre-etude-de-cas","status":"publish","type":"page","link":"https:\/\/reev.com\/fr\/merci-de-votre-interet-pour-notre-etude-de-cas\/","title":{"rendered":"Merci de votre int\u00e9r\u00eat pour notre \u00e9tude de cas"},"content":{"rendered":"\t\t<div data-elementor-type=\"wp-page\" data-elementor-id=\"333547\" class=\"elementor elementor-333547 elementor-320650\" data-elementor-post-type=\"page\">\n\t\t\t\t<div class=\"elementor-element elementor-element-ed29993 color-change e-flex e-con-boxed e-con e-parent\" data-id=\"ed29993\" data-element_type=\"container\" data-e-type=\"container\" data-settings=\"{&quot;jet_parallax_layout_list&quot;:[]}\">\n\t\t\t\t\t<div class=\"e-con-inner\">\n\t\t\t\t<div class=\"elementor-element elementor-element-78565b0 jet-breadcrumbs-align-left elementor-widget elementor-widget-jet-breadcrumbs\" data-id=\"78565b0\" data-element_type=\"widget\" data-e-type=\"widget\" data-widget_type=\"jet-breadcrumbs.default\">\n\t\t\t\t<div class=\"elementor-widget-container\">\n\t\t\t\t\t<div class=\"elementor-jet-breadcrumbs jet-blocks\">\n\t\t<div class=\"jet-breadcrumbs\">\n\t\t<div class=\"jet-breadcrumbs__content\">\n\t\t<div class=\"jet-breadcrumbs__wrap\"><div class=\"jet-breadcrumbs__item\"><a href=\"https:\/\/reev.com\/fr\/\" class=\"jet-breadcrumbs__item-link is-home\" rel=\"home\" title=\"Home\">Home<\/a><\/div>\n\t\t<\/div>\n\t\t<\/div>\n\t\t<\/div><\/div>\t\t\t\t<\/div>\n\t\t\t\t<\/div>\n\t\t\t\t\t<\/div>\n\t\t\t\t<\/div>\n\t\t<div class=\"elementor-element elementor-element-73b44f5 color-change e-flex e-con-boxed e-con e-parent\" data-id=\"73b44f5\" data-element_type=\"container\" data-e-type=\"container\" data-settings=\"{&quot;jet_parallax_layout_list&quot;:[],&quot;background_background&quot;:&quot;classic&quot;}\">\n\t\t\t\t\t<div class=\"e-con-inner\">\n\t\t<div class=\"elementor-element elementor-element-aacd8a9 e-con-full e-flex e-con e-child\" data-id=\"aacd8a9\" data-element_type=\"container\" data-e-type=\"container\" data-settings=\"{&quot;jet_parallax_layout_list&quot;:[]}\">\n\t\t\t\t<div class=\"elementor-element elementor-element-e6b44f0 elementor-widget elementor-widget-heading\" data-id=\"e6b44f0\" data-element_type=\"widget\" data-e-type=\"widget\" data-widget_type=\"heading.default\">\n\t\t\t\t\t<h1 class=\"elementor-heading-title elementor-size-default\">Merci de votre int\u00e9r\u00eat pour notre \u00e9tude de cas !<\/h1>\t\t\t\t<\/div>\n\t\t\t\t<div class=\"elementor-element elementor-element-1ef20c1 elementor-widget elementor-widget-text-editor\" data-id=\"1ef20c1\" data-element_type=\"widget\" data-e-type=\"widget\" data-widget_type=\"text-editor.default\">\n\t\t\t\t\t\t\t\t\t<p>Vous pouvez t\u00e9l\u00e9charger directement <strong>l&#8217;\u00e9tude de cas &#8211; Office europ\u00e9en des brevets<\/strong> en cliquant sur le bouton ci-dessous.<\/p>\n<p>De plus, nous vous avons envoy\u00e9 un e-mail avec le lien vers l\u2019\u00e9tude de cas afin que vous puissiez y acc\u00e9der \u00e0 tout moment.<\/p>\n\t\t\t\t\t\t\t\t<\/div>\n\t\t\t\t<div class=\"elementor-element elementor-element-703273a elementor-align-center reev-button reev-button--yellow elementor-widget elementor-widget-button\" data-id=\"703273a\" data-element_type=\"widget\" data-e-type=\"widget\" data-widget_type=\"button.default\">\n\t\t\t\t\t\t\t\t\t\t<a class=\"elementor-button elementor-button-link elementor-size-sm\" href=\"https:\/\/reev.com\/wp-content\/uploads\/Case-Study_EPO_-FR.pdf\" target=\"_blank\">\n\t\t\t\t\t\t<span class=\"elementor-button-content-wrapper\">\n\t\t\t\t\t\t<span class=\"elementor-button-icon\">\n\t\t\t\t<svg xmlns=\"http:\/\/www.w3.org\/2000\/svg\" width=\"20\" height=\"20\" viewBox=\"0 0 20 20\" fill=\"none\"><path d=\"M11.25 3.75L17.5 10M17.5 10L11.25 16.25M17.5 10H2.5\" stroke=\"#131923\" stroke-width=\"1.5\" stroke-linecap=\"round\" stroke-linejoin=\"round\"><\/path><\/svg>\t\t\t<\/span>\n\t\t\t\t\t\t\t\t\t<span class=\"elementor-button-text\">\u00c9tude de cas (fran\u00e7ais)<\/span>\n\t\t\t\t\t<\/span>\n\t\t\t\t\t<\/a>\n\t\t\t\t\t\t\t\t<\/div>\n\t\t\t\t<\/div>\n\t\t\t\t<div class=\"elementor-element elementor-element-c1cdaaa elementor-widget__width-initial elementor-widget-tablet__width-inherit elementor-widget elementor-widget-image\" data-id=\"c1cdaaa\" data-element_type=\"widget\" data-e-type=\"widget\" data-widget_type=\"image.default\">\n\t\t\t\t\t\t\t\t\t\t\t\t\t\t\t<img fetchpriority=\"high\" decoding=\"async\" width=\"980\" height=\"659\" src=\"https:\/\/reev.com\/wp-content\/uploads\/Bild-20.webp\" class=\"attachment-full size-full wp-image-332376\" alt=\"\" srcset=\"https:\/\/reev.com\/wp-content\/uploads\/Bild-20.webp 980w, https:\/\/reev.com\/wp-content\/uploads\/Bild-20-300x202.webp 300w, https:\/\/reev.com\/wp-content\/uploads\/Bild-20-768x516.webp 768w, https:\/\/reev.com\/wp-content\/uploads\/Bild-20-480x323.webp 480w\" sizes=\"(max-width: 980px) 100vw, 980px\" \/>\t\t\t\t\t\t\t\t\t\t\t\t\t\t\t<\/div>\n\t\t\t\t\t<\/div>\n\t\t\t\t<\/div>\n\t\t\t\t<\/div>\n\t\t","protected":false},"excerpt":{"rendered":"<p>D\u00e9couvrez comment l&#8217;Office europ\u00e9en des brevets &amp; reev fa\u00e7onnent la mobilit\u00e9 de demain. Ensemble, ils visent la neutralit\u00e9 carbone d&#8217;ici 2030 et red\u00e9finissent la durabilit\u00e9 dans l&#8217;administration publique. <\/p>\n","protected":false},"author":14,"featured_media":0,"parent":0,"menu_order":0,"comment_status":"closed","ping_status":"closed","template":"","meta":{"_seopress_robots_primary_cat":"","_seopress_titles_title":"\u00c9tude de cas reev - Office europ\u00e9en des brevets %%sep%% %%sitetitle%%","_seopress_titles_desc":"D\u00e9couvrez comment l'Office europ\u00e9en des brevets & reev travaillent ensemble pour atteindre la neutralit\u00e9 carbone d'ici 2030 et red\u00e9finir les normes de mobilit\u00e9 durable.","_seopress_robots_index":"yes","footnotes":""},"class_list":["post-333547","page","type-page","status-publish","hentry"],"_links":{"self":[{"href":"https:\/\/reev.com\/fr\/wp-json\/wp\/v2\/pages\/333547","targetHints":{"allow":["GET"]}}],"collection":[{"href":"https:\/\/reev.com\/fr\/wp-json\/wp\/v2\/pages"}],"about":[{"href":"https:\/\/reev.com\/fr\/wp-json\/wp\/v2\/types\/page"}],"author":[{"embeddable":true,"href":"https:\/\/reev.com\/fr\/wp-json\/wp\/v2\/users\/14"}],"replies":[{"embeddable":true,"href":"https:\/\/reev.com\/fr\/wp-json\/wp\/v2\/comments?post=333547"}],"version-history":[{"count":0,"href":"https:\/\/reev.com\/fr\/wp-json\/wp\/v2\/pages\/333547\/revisions"}],"wp:attachment":[{"href":"https:\/\/reev.com\/fr\/wp-json\/wp\/v2\/media?parent=333547"}],"curies":[{"name":"wp","href":"https:\/\/api.w.org\/{rel}","templated":true}]}}