{"id":335399,"date":"2023-01-09T14:51:41","date_gmt":"2023-01-09T13:51:41","guid":{"rendered":"https:\/\/reev.com\/merci-de-votre-inscription\/"},"modified":"2025-10-23T18:12:17","modified_gmt":"2025-10-23T16:12:17","slug":"merci-de-votre-inscription","status":"publish","type":"page","link":"https:\/\/reev.com\/fr\/merci-de-votre-inscription\/","title":{"rendered":"Merci de votre inscription"},"content":{"rendered":"\t\t<div data-elementor-type=\"wp-page\" data-elementor-id=\"335399\" class=\"elementor elementor-335399 elementor-238581\" data-elementor-post-type=\"page\">\n\t\t\t\t<div class=\"elementor-element elementor-element-3d09f77 color-change e-flex e-con-boxed e-con e-parent\" data-id=\"3d09f77\" data-element_type=\"container\" data-e-type=\"container\" data-settings=\"{&quot;jet_parallax_layout_list&quot;:[]}\">\n\t\t\t\t\t<div class=\"e-con-inner\">\n\t\t\t\t<div class=\"elementor-element elementor-element-7a55409 jet-breadcrumbs-align-left elementor-widget elementor-widget-jet-breadcrumbs\" data-id=\"7a55409\" data-element_type=\"widget\" data-e-type=\"widget\" data-widget_type=\"jet-breadcrumbs.default\">\n\t\t\t\t<div class=\"elementor-widget-container\">\n\t\t\t\t\t<div class=\"elementor-jet-breadcrumbs jet-blocks\">\n\t\t<div class=\"jet-breadcrumbs\">\n\t\t<div class=\"jet-breadcrumbs__content\">\n\t\t<div class=\"jet-breadcrumbs__wrap\"><div class=\"jet-breadcrumbs__item\"><a href=\"https:\/\/reev.com\/fr\/\" class=\"jet-breadcrumbs__item-link is-home\" rel=\"home\" title=\"Home\">Home<\/a><\/div>\n\t\t<\/div>\n\t\t<\/div>\n\t\t<\/div><\/div>\t\t\t\t<\/div>\n\t\t\t\t<\/div>\n\t\t\t\t\t<\/div>\n\t\t\t\t<\/div>\n\t\t<div class=\"elementor-element elementor-element-67a495b color-change e-flex e-con-boxed e-con e-parent\" data-id=\"67a495b\" data-element_type=\"container\" data-e-type=\"container\" data-settings=\"{&quot;jet_parallax_layout_list&quot;:[]}\">\n\t\t\t\t\t<div class=\"e-con-inner\">\n\t\t<div class=\"elementor-element elementor-element-29b2691 e-con-full e-flex e-con e-child\" data-id=\"29b2691\" data-element_type=\"container\" data-e-type=\"container\" data-settings=\"{&quot;jet_parallax_layout_list&quot;:[]}\">\n\t\t\t\t<div class=\"elementor-element elementor-element-7c22986 elementor-widget elementor-widget-heading\" data-id=\"7c22986\" data-element_type=\"widget\" data-e-type=\"widget\" data-widget_type=\"heading.default\">\n\t\t\t\t\t<h1 class=\"elementor-heading-title elementor-size-default\">Merci de votre inscription<\/h1>\t\t\t\t<\/div>\n\t\t\t\t<div class=\"elementor-element elementor-element-307eacc elementor-widget elementor-widget-text-editor\" data-id=\"307eacc\" data-element_type=\"widget\" data-e-type=\"widget\" data-widget_type=\"text-editor.default\">\n\t\t\t\t\t\t\t\t\t<h4 class=\"cta-section__heading\">Nous vous remercions de vous \u00eatre inscrit \u00e0 notre newsletter.<\/h4><p data-start=\"476\" data-end=\"657\">Le dernier num\u00e9ro de la <strong data-start=\"500\" data-end=\"520\">lettre d&#8217;information reev<\/strong> sera bient\u00f4t envoy\u00e9 dans votre bo\u00eete aux lettres.<\/p><p data-start=\"476\" data-end=\"657\"><br data-start=\"560\" data-end=\"563\">D&#8217;ici l\u00e0, nous vous invitons \u00e0 d\u00e9couvrir notre offre de connaissances sur l&#8217;\u00e9lectromobilit\u00e9 : apprenez-en plus sur des \u00e9tudes de cas pratiques, des articles de blog passionnants, des FAQ utiles, des webinaires inspirants et des \u00e9v\u00e9nements \u00e0 venir.<br data-start=\"811\" data-end=\"814\">Vous y trouverez de pr\u00e9cieux aper\u00e7us, des conseils et des informations sur l&#8217;avenir de l&#8217;eMobilit\u00e9.<\/p>\t\t\t\t\t\t\t\t<\/div>\n\t\t\t\t<div class=\"elementor-element elementor-element-27a5d0d elementor-align-left reev-button reev-button--yellow elementor-widget elementor-widget-button\" data-id=\"27a5d0d\" data-element_type=\"widget\" data-e-type=\"widget\" data-widget_type=\"button.default\">\n\t\t\t\t\t\t\t\t\t\t<a class=\"elementor-button elementor-button-link elementor-size-sm\" href=\"https:\/\/reev.com\/fr\/savoir\/\" target=\"_blank\">\n\t\t\t\t\t\t<span class=\"elementor-button-content-wrapper\">\n\t\t\t\t\t\t<span class=\"elementor-button-icon\">\n\t\t\t\t<svg xmlns=\"http:\/\/www.w3.org\/2000\/svg\" width=\"20\" height=\"20\" viewBox=\"0 0 20 20\" fill=\"none\"><path d=\"M11.25 3.75L17.5 10M17.5 10L11.25 16.25M17.5 10H2.5\" stroke=\"#131923\" stroke-width=\"1.5\" stroke-linecap=\"round\" stroke-linejoin=\"round\"><\/path><\/svg>\t\t\t<\/span>\n\t\t\t\t\t\t\t\t\t<span class=\"elementor-button-text\">D\u00e9couvrir maintenant<\/span>\n\t\t\t\t\t<\/span>\n\t\t\t\t\t<\/a>\n\t\t\t\t\t\t\t\t<\/div>\n\t\t\t\t<\/div>\n\t\t\t\t<div class=\"elementor-element elementor-element-709846c elementor-widget-tablet__width-inherit elementor-widget elementor-widget-image\" data-id=\"709846c\" data-element_type=\"widget\" data-e-type=\"widget\" data-widget_type=\"image.default\">\n\t\t\t\t\t\t\t\t\t\t\t\t\t\t\t<img fetchpriority=\"high\" decoding=\"async\" width=\"2000\" height=\"1334\" src=\"https:\/\/reev.com\/wp-content\/uploads\/Webinars-scaled-1-1.jpg\" class=\"attachment-full size-full wp-image-332496\" alt=\"\" srcset=\"https:\/\/reev.com\/wp-content\/uploads\/Webinars-scaled-1-1.jpg 2000w, https:\/\/reev.com\/wp-content\/uploads\/Webinars-scaled-1-1-300x200.jpg 300w, https:\/\/reev.com\/wp-content\/uploads\/Webinars-scaled-1-1-1024x683.jpg 1024w, https:\/\/reev.com\/wp-content\/uploads\/Webinars-scaled-1-1-768x512.jpg 768w, https:\/\/reev.com\/wp-content\/uploads\/Webinars-scaled-1-1-1536x1025.jpg 1536w, https:\/\/reev.com\/wp-content\/uploads\/Webinars-scaled-1-1-1080x720.jpg 1080w, https:\/\/reev.com\/wp-content\/uploads\/Webinars-scaled-1-1-1280x854.jpg 1280w, https:\/\/reev.com\/wp-content\/uploads\/Webinars-scaled-1-1-980x654.jpg 980w, https:\/\/reev.com\/wp-content\/uploads\/Webinars-scaled-1-1-480x320.jpg 480w\" sizes=\"(max-width: 2000px) 100vw, 2000px\" \/>\t\t\t\t\t\t\t\t\t\t\t\t\t\t\t<\/div>\n\t\t\t\t\t<\/div>\n\t\t\t\t<\/div>\n\t\t\t\t<\/div>\n\t\t","protected":false},"excerpt":{"rendered":"","protected":false},"author":37,"featured_media":0,"parent":0,"menu_order":0,"comment_status":"closed","ping_status":"closed","template":"","meta":{"_seopress_robots_primary_cat":"","_seopress_titles_title":"","_seopress_titles_desc":"","_seopress_robots_index":"yes","footnotes":""},"class_list":["post-335399","page","type-page","status-publish","hentry"],"_links":{"self":[{"href":"https:\/\/reev.com\/fr\/wp-json\/wp\/v2\/pages\/335399","targetHints":{"allow":["GET"]}}],"collection":[{"href":"https:\/\/reev.com\/fr\/wp-json\/wp\/v2\/pages"}],"about":[{"href":"https:\/\/reev.com\/fr\/wp-json\/wp\/v2\/types\/page"}],"author":[{"embeddable":true,"href":"https:\/\/reev.com\/fr\/wp-json\/wp\/v2\/users\/37"}],"replies":[{"embeddable":true,"href":"https:\/\/reev.com\/fr\/wp-json\/wp\/v2\/comments?post=335399"}],"version-history":[{"count":0,"href":"https:\/\/reev.com\/fr\/wp-json\/wp\/v2\/pages\/335399\/revisions"}],"wp:attachment":[{"href":"https:\/\/reev.com\/fr\/wp-json\/wp\/v2\/media?parent=335399"}],"curies":[{"name":"wp","href":"https:\/\/api.w.org\/{rel}","templated":true}]}}