{"id":340185,"date":"2025-05-14T16:37:44","date_gmt":"2025-05-14T14:37:44","guid":{"rendered":"https:\/\/reev.com\/t001\/"},"modified":"2025-06-19T14:56:11","modified_gmt":"2025-06-19T12:56:11","slug":"t001","status":"publish","type":"page","link":"https:\/\/reev.com\/fr\/t001\/","title":{"rendered":"T001"},"content":{"rendered":"\t\t<div data-elementor-type=\"wp-page\" data-elementor-id=\"340185\" class=\"elementor elementor-340185 elementor-331276\" data-elementor-post-type=\"page\">\n\t\t\t\t<div class=\"elementor-element elementor-element-fac6f7e color-change e-flex e-con-boxed e-con e-parent\" data-id=\"fac6f7e\" data-element_type=\"container\" data-e-type=\"container\" data-settings=\"{&quot;jet_parallax_layout_list&quot;:[]}\">\n\t\t\t\t\t<div class=\"e-con-inner\">\n\t\t\t\t<div class=\"elementor-element elementor-element-068f8bc jet-breadcrumbs-align-left elementor-widget elementor-widget-jet-breadcrumbs\" data-id=\"068f8bc\" data-element_type=\"widget\" data-e-type=\"widget\" data-widget_type=\"jet-breadcrumbs.default\">\n\t\t\t\t<div class=\"elementor-widget-container\">\n\t\t\t\t\t<div class=\"elementor-jet-breadcrumbs jet-blocks\">\n\t\t<div class=\"jet-breadcrumbs\">\n\t\t<div class=\"jet-breadcrumbs__content\">\n\t\t<div class=\"jet-breadcrumbs__wrap\"><div class=\"jet-breadcrumbs__item\"><a href=\"https:\/\/reev.com\/fr\/\" class=\"jet-breadcrumbs__item-link is-home\" rel=\"home\" title=\"Home\">Home<\/a><\/div>\n\t\t<\/div>\n\t\t<\/div>\n\t\t<\/div><\/div>\t\t\t\t<\/div>\n\t\t\t\t<\/div>\n\t\t\t\t\t<\/div>\n\t\t\t\t<\/div>\n\t\t<div class=\"elementor-element elementor-element-4aa3355 color-change e-flex e-con-boxed e-con e-parent\" data-id=\"4aa3355\" data-element_type=\"container\" data-e-type=\"container\" data-settings=\"{&quot;jet_parallax_layout_list&quot;:[]}\">\n\t\t\t\t\t<div class=\"e-con-inner\">\n\t\t<div class=\"elementor-element elementor-element-9435aa7 e-con-full e-flex e-con e-child\" data-id=\"9435aa7\" data-element_type=\"container\" data-e-type=\"container\" data-settings=\"{&quot;jet_parallax_layout_list&quot;:[]}\">\n\t\t\t\t<div class=\"elementor-element elementor-element-fa4b904 elementor-widget elementor-widget-heading\" data-id=\"fa4b904\" data-element_type=\"widget\" data-e-type=\"widget\" data-widget_type=\"heading.default\">\n\t\t\t\t\t<h1 class=\"elementor-heading-title elementor-size-default\">L'avenir de l'e-mobilit\u00e9 pour les entreprises : simple, \u00e9volutif, efficace<\/h1>\t\t\t\t<\/div>\n\t\t\t\t<div class=\"elementor-element elementor-element-7e23002 elementor-widget elementor-widget-text-editor\" data-id=\"7e23002\" data-element_type=\"widget\" data-e-type=\"widget\" data-widget_type=\"text-editor.default\">\n\t\t\t\t\t\t\t\t\t<p>Les parcs automobiles du futur sont \u00e9lectriques &#8211; et la gestion intelligente des parcs automobiles est aujourd&#8217;hui num\u00e9rique ! Et c&#8217;est ainsi que l&#8217;\u00e9lectromobilit\u00e9 arrive facilement dans votre entreprise : Avec les solutions de recharge reev, vous pouvez facilement mettre en place un vaste r\u00e9seau de bornes de recharge et g\u00e9rer votre infrastructure de recharge de mani\u00e8re simple et centralis\u00e9e, quelle que soit la nature ou la taille de votre entreprise. Qu&#8217;il s&#8217;agisse de v\u00e9hicules de service ou de voitures \u00e9lectriques priv\u00e9es de collaborateurs ou de personnes externes, reev vous permet de recharger efficacement toutes les voitures \u00e9lectriques de votre entreprise.  <\/p>\n<p>Du contr\u00f4le d&#8217;acc\u00e8s \u00e0 la facturation en passant par le suivi intuitif et la gestion de l&#8217;\u00e9nergie, reev vous offre une solution pratique parfaitement adapt\u00e9e aux besoins de votre entreprise. Demandez une consultation sans engagement d\u00e8s aujourd&#8217;hui &#8211; et pr\u00e9parez votre entreprise \u00e0 l&#8217;e-mobilit\u00e9 de demain. <\/p>\n\t\t\t\t\t\t\t\t<\/div>\n\t\t\t\t<\/div>\n\t\t\t\t<div class=\"elementor-element elementor-element-772acfe elementor-widget__width-initial elementor-widget-tablet__width-inherit elementor-widget elementor-widget-image\" data-id=\"772acfe\" data-element_type=\"widget\" data-e-type=\"widget\" data-widget_type=\"image.default\">\n\t\t\t\t\t\t\t\t\t\t\t\t\t\t\t<img decoding=\"async\" src=\"https:\/\/wordpress-258348-5330884.cloudwaysapps.com\/wp-content\/uploads\/2025\/04\/sus-03.png\" title=\"\" alt=\"\" loading=\"lazy\" \/>\t\t\t\t\t\t\t\t\t\t\t\t\t\t\t<\/div>\n\t\t\t\t\t<\/div>\n\t\t\t\t<\/div>\n\t\t\t\t<\/div>\n\t\t","protected":false},"excerpt":{"rendered":"<p>Home L&#8217;avenir de l&#8217;e-mobilit\u00e9 pour les entreprises : simple, \u00e9volutif, efficace Les parcs automobiles du futur sont \u00e9lectriques &#8211; et la gestion intelligente des parcs automobiles est aujourd&#8217;hui num\u00e9rique ! Et c&#8217;est ainsi que l&#8217;\u00e9lectromobilit\u00e9 arrive facilement dans votre entreprise : Avec les solutions de recharge reev, vous pouvez facilement mettre en place un vaste [&hellip;]<\/p>\n","protected":false},"author":45,"featured_media":0,"parent":0,"menu_order":0,"comment_status":"closed","ping_status":"closed","template":"elementor_header_footer","meta":{"_seopress_robots_primary_cat":"","_seopress_titles_title":"","_seopress_titles_desc":"","_seopress_robots_index":"","footnotes":""},"class_list":["post-340185","page","type-page","status-publish","hentry"],"_links":{"self":[{"href":"https:\/\/reev.com\/fr\/wp-json\/wp\/v2\/pages\/340185","targetHints":{"allow":["GET"]}}],"collection":[{"href":"https:\/\/reev.com\/fr\/wp-json\/wp\/v2\/pages"}],"about":[{"href":"https:\/\/reev.com\/fr\/wp-json\/wp\/v2\/types\/page"}],"author":[{"embeddable":true,"href":"https:\/\/reev.com\/fr\/wp-json\/wp\/v2\/users\/45"}],"replies":[{"embeddable":true,"href":"https:\/\/reev.com\/fr\/wp-json\/wp\/v2\/comments?post=340185"}],"version-history":[{"count":0,"href":"https:\/\/reev.com\/fr\/wp-json\/wp\/v2\/pages\/340185\/revisions"}],"wp:attachment":[{"href":"https:\/\/reev.com\/fr\/wp-json\/wp\/v2\/media?parent=340185"}],"curies":[{"name":"wp","href":"https:\/\/api.w.org\/{rel}","templated":true}]}}