{"id":341009,"date":"2025-03-26T12:07:12","date_gmt":"2025-03-26T11:07:12","guid":{"rendered":"https:\/\/reev.com\/merci-de-vous-etre-inscrite-a-la-demo-gratuite-de-reev-platform\/"},"modified":"2025-09-10T09:16:03","modified_gmt":"2025-09-10T07:16:03","slug":"merci-pour-votre-inscription-au-webinaire-emobility","status":"publish","type":"page","link":"https:\/\/reev.com\/fr\/merci-pour-votre-inscription-au-webinaire-emobility\/","title":{"rendered":"Merci de vous \u00eatre inscrit(e) \u00e0 la d\u00e9mo gratuite de reev Platform."},"content":{"rendered":"\t\t<div data-elementor-type=\"wp-page\" data-elementor-id=\"341009\" class=\"elementor elementor-341009 elementor-326843\" data-elementor-post-type=\"page\">\n\t\t\t\t<div class=\"elementor-element elementor-element-38cc0de color-change e-flex e-con-boxed e-con e-parent\" data-id=\"38cc0de\" data-element_type=\"container\" data-e-type=\"container\" data-settings=\"{&quot;jet_parallax_layout_list&quot;:[]}\">\n\t\t\t\t\t<div class=\"e-con-inner\">\n\t\t\t\t<div class=\"elementor-element elementor-element-597e131 jet-breadcrumbs-align-left elementor-widget elementor-widget-jet-breadcrumbs\" data-id=\"597e131\" data-element_type=\"widget\" data-e-type=\"widget\" data-widget_type=\"jet-breadcrumbs.default\">\n\t\t\t\t<div class=\"elementor-widget-container\">\n\t\t\t\t\t<div class=\"elementor-jet-breadcrumbs jet-blocks\">\n\t\t<div class=\"jet-breadcrumbs\">\n\t\t<div class=\"jet-breadcrumbs__content\">\n\t\t<div class=\"jet-breadcrumbs__wrap\"><div class=\"jet-breadcrumbs__item\"><a href=\"https:\/\/reev.com\/fr\/\" class=\"jet-breadcrumbs__item-link is-home\" rel=\"home\" title=\"Home\">Home<\/a><\/div>\n\t\t<\/div>\n\t\t<\/div>\n\t\t<\/div><\/div>\t\t\t\t<\/div>\n\t\t\t\t<\/div>\n\t\t\t\t\t<\/div>\n\t\t\t\t<\/div>\n\t\t<div class=\"elementor-element elementor-element-a09a56d color-change e-flex e-con-boxed e-con e-parent\" data-id=\"a09a56d\" data-element_type=\"container\" data-e-type=\"container\" data-settings=\"{&quot;jet_parallax_layout_list&quot;:[]}\">\n\t\t\t\t\t<div class=\"e-con-inner\">\n\t\t<div class=\"elementor-element elementor-element-ed07776 e-con-full e-flex e-con e-child\" data-id=\"ed07776\" data-element_type=\"container\" data-e-type=\"container\" data-settings=\"{&quot;jet_parallax_layout_list&quot;:[]}\">\n\t\t\t\t<div class=\"elementor-element elementor-element-772dec4 elementor-widget elementor-widget-heading\" data-id=\"772dec4\" data-element_type=\"widget\" data-e-type=\"widget\" data-widget_type=\"heading.default\">\n\t\t\t\t\t<h1 class=\"elementor-heading-title elementor-size-default\">Merci pour votre inscription !<\/h1>\t\t\t\t<\/div>\n\t\t\t\t<div class=\"elementor-element elementor-element-5ca09ae elementor-widget elementor-widget-text-editor\" data-id=\"5ca09ae\" data-element_type=\"widget\" data-e-type=\"widget\" data-widget_type=\"text-editor.default\">\n\t\t\t\t\t\t\t\t\t<p>Nous vous remercions de vous \u00eatre inscrit \u00e0 notre webinaire. Un e-mail contenant vos donn\u00e9es d&#8217;acc\u00e8s sera bient\u00f4t envoy\u00e9 dans votre bo\u00eete de r\u00e9ception. <\/p><p>Si vous cherchez encore des informations sur l&#8217;eMobility d&#8217;ici l\u00e0, nous vous recommandons de consulter notre blog qui contient des conseils et des faits, des insights passionnants et des aper\u00e7us exclusifs de nos projets.<\/p>\t\t\t\t\t\t\t\t<\/div>\n\t\t\t\t<div class=\"elementor-element elementor-element-3e6c906 elementor-align-left reev-button reev-button--yellow elementor-widget elementor-widget-button\" data-id=\"3e6c906\" data-element_type=\"widget\" data-e-type=\"widget\" data-widget_type=\"button.default\">\n\t\t\t\t\t\t\t\t\t\t<a class=\"elementor-button elementor-button-link elementor-size-sm\" href=\"https:\/\/reev.com\/fr\/reev-blog\/\">\n\t\t\t\t\t\t<span class=\"elementor-button-content-wrapper\">\n\t\t\t\t\t\t<span class=\"elementor-button-icon\">\n\t\t\t\t<svg xmlns=\"http:\/\/www.w3.org\/2000\/svg\" width=\"20\" height=\"20\" viewBox=\"0 0 20 20\" fill=\"none\"><path d=\"M11.25 3.75L17.5 10M17.5 10L11.25 16.25M17.5 10H2.5\" stroke=\"#131923\" stroke-width=\"1.5\" stroke-linecap=\"round\" stroke-linejoin=\"round\"><\/path><\/svg>\t\t\t<\/span>\n\t\t\t\t\t\t\t\t\t<span class=\"elementor-button-text\">Vers le blog reev<\/span>\n\t\t\t\t\t<\/span>\n\t\t\t\t\t<\/a>\n\t\t\t\t\t\t\t\t<\/div>\n\t\t\t\t<\/div>\n\t\t\t\t<div class=\"elementor-element elementor-element-16e7864 elementor-widget__width-initial elementor-widget-tablet__width-inherit elementor-widget elementor-widget-image\" data-id=\"16e7864\" data-element_type=\"widget\" data-e-type=\"widget\" data-widget_type=\"image.default\">\n\t\t\t\t\t\t\t\t\t\t\t\t\t\t\t<img fetchpriority=\"high\" decoding=\"async\" width=\"2000\" height=\"1334\" src=\"https:\/\/reev.com\/wp-content\/uploads\/Image-17-scaled-1.webp\" class=\"attachment-full size-full wp-image-338405\" alt=\"\" srcset=\"https:\/\/reev.com\/wp-content\/uploads\/Image-17-scaled-1.webp 2000w, https:\/\/reev.com\/wp-content\/uploads\/Image-17-scaled-1-300x200.webp 300w, https:\/\/reev.com\/wp-content\/uploads\/Image-17-scaled-1-1024x683.webp 1024w, https:\/\/reev.com\/wp-content\/uploads\/Image-17-scaled-1-768x512.webp 768w, https:\/\/reev.com\/wp-content\/uploads\/Image-17-scaled-1-1536x1025.webp 1536w, https:\/\/reev.com\/wp-content\/uploads\/Image-17-scaled-1-1080x720.webp 1080w, https:\/\/reev.com\/wp-content\/uploads\/Image-17-scaled-1-1280x854.webp 1280w, https:\/\/reev.com\/wp-content\/uploads\/Image-17-scaled-1-980x654.webp 980w, https:\/\/reev.com\/wp-content\/uploads\/Image-17-scaled-1-480x320.webp 480w\" sizes=\"(max-width: 2000px) 100vw, 2000px\" \/>\t\t\t\t\t\t\t\t\t\t\t\t\t\t\t<\/div>\n\t\t\t\t\t<\/div>\n\t\t\t\t<\/div>\n\t\t\t\t<\/div>\n\t\t","protected":false},"excerpt":{"rendered":"<p>Home Merci pour votre inscription ! Nous vous remercions de vous \u00eatre inscrit \u00e0 notre webinaire. Un e-mail contenant vos donn\u00e9es d&#8217;acc\u00e8s sera bient\u00f4t envoy\u00e9 dans votre bo\u00eete de r\u00e9ception. Si vous cherchez encore des informations sur l&#8217;eMobility d&#8217;ici l\u00e0, nous vous recommandons de consulter notre blog qui contient des conseils et des faits, des [&hellip;]<\/p>\n","protected":false},"author":14,"featured_media":0,"parent":0,"menu_order":0,"comment_status":"closed","ping_status":"closed","template":"","meta":{"_seopress_robots_primary_cat":"","_seopress_titles_title":"","_seopress_titles_desc":"","_seopress_robots_index":"","footnotes":""},"class_list":["post-341009","page","type-page","status-publish","hentry"],"_links":{"self":[{"href":"https:\/\/reev.com\/fr\/wp-json\/wp\/v2\/pages\/341009","targetHints":{"allow":["GET"]}}],"collection":[{"href":"https:\/\/reev.com\/fr\/wp-json\/wp\/v2\/pages"}],"about":[{"href":"https:\/\/reev.com\/fr\/wp-json\/wp\/v2\/types\/page"}],"author":[{"embeddable":true,"href":"https:\/\/reev.com\/fr\/wp-json\/wp\/v2\/users\/14"}],"replies":[{"embeddable":true,"href":"https:\/\/reev.com\/fr\/wp-json\/wp\/v2\/comments?post=341009"}],"version-history":[{"count":0,"href":"https:\/\/reev.com\/fr\/wp-json\/wp\/v2\/pages\/341009\/revisions"}],"wp:attachment":[{"href":"https:\/\/reev.com\/fr\/wp-json\/wp\/v2\/media?parent=341009"}],"curies":[{"name":"wp","href":"https:\/\/api.w.org\/{rel}","templated":true}]}}